{"id":5191,"date":"2023-01-31T10:58:40","date_gmt":"2023-01-31T13:58:40","guid":{"rendered":"http:\/\/www.ucisecuatorianas.com\/certificados\/"},"modified":"2023-01-31T16:40:54","modified_gmt":"2023-01-31T19:40:54","slug":"certificacoes","status":"publish","type":"page","link":"https:\/\/ucisuruguayas.com\/pt-br\/certificacoes\/","title":{"rendered":"Certifica\u00e7\u00f5es"},"content":{"rendered":"\t\t<div data-elementor-type=\"wp-page\" data-elementor-id=\"5191\" class=\"elementor elementor-5191 elementor-5164\">\n\t\t\t\t\t\t\t\t\t<section class=\"elementor-section elementor-top-section elementor-element elementor-element-028ba41 elementor-section-boxed elementor-section-height-default elementor-section-height-default\" data-id=\"028ba41\" data-element_type=\"section\">\n\t\t\t\t\t\t<div class=\"elementor-container elementor-column-gap-default\">\n\t\t\t\t\t<div class=\"elementor-column elementor-col-100 elementor-top-column elementor-element elementor-element-4f71eea\" data-id=\"4f71eea\" data-element_type=\"column\">\n\t\t\t<div class=\"elementor-widget-wrap elementor-element-populated\">\n\t\t\t\t\t\t\t\t<div class=\"elementor-element elementor-element-67ea12a elementor-widget elementor-widget-heading\" data-id=\"67ea12a\" data-element_type=\"widget\" data-widget_type=\"heading.default\">\n\t\t\t\t<div class=\"elementor-widget-container\">\n\t\t\t<style>\/*! elementor - v3.17.0 - 08-11-2023 *\/\n.elementor-heading-title{padding:0;margin:0;line-height:1}.elementor-widget-heading .elementor-heading-title[class*=elementor-size-]>a{color:inherit;font-size:inherit;line-height:inherit}.elementor-widget-heading .elementor-heading-title.elementor-size-small{font-size:15px}.elementor-widget-heading .elementor-heading-title.elementor-size-medium{font-size:19px}.elementor-widget-heading .elementor-heading-title.elementor-size-large{font-size:29px}.elementor-widget-heading .elementor-heading-title.elementor-size-xl{font-size:39px}.elementor-widget-heading .elementor-heading-title.elementor-size-xxl{font-size:59px}<\/style><h1 class=\"elementor-heading-title elementor-size-large\">Certifica\u00e7\u00f5es<\/h1>\t\t<\/div>\n\t\t\t\t<\/div>\n\t\t\t\t\t<\/div>\n\t\t<\/div>\n\t\t\t\t\t\t\t<\/div>\n\t\t<\/section>\n\t\t\t\t<section class=\"elementor-section elementor-top-section elementor-element elementor-element-83ef479 elementor-section-boxed elementor-section-height-default elementor-section-height-default\" data-id=\"83ef479\" data-element_type=\"section\" data-settings=\"{&quot;background_background&quot;:&quot;slideshow&quot;,&quot;background_slideshow_gallery&quot;:[{&quot;id&quot;:4302,&quot;url&quot;:&quot;http:\\\/\\\/www.ucismexicanas.com\\\/wp-content\\\/uploads\\\/2022\\\/09\\\/TOPO.png&quot;}],&quot;background_slideshow_loop&quot;:&quot;yes&quot;,&quot;background_slideshow_slide_duration&quot;:5000,&quot;background_slideshow_slide_transition&quot;:&quot;fade&quot;,&quot;background_slideshow_transition_duration&quot;:500}\">\n\t\t\t\t\t\t<div class=\"elementor-container elementor-column-gap-default\">\n\t\t\t\t\t<div class=\"elementor-column elementor-col-100 elementor-top-column elementor-element elementor-element-9db02b3\" data-id=\"9db02b3\" data-element_type=\"column\">\n\t\t\t<div class=\"elementor-widget-wrap elementor-element-populated\">\n\t\t\t\t\t\t\t\t<div class=\"elementor-element elementor-element-bb3226a elementor-widget elementor-widget-heading\" data-id=\"bb3226a\" data-element_type=\"widget\" data-widget_type=\"heading.default\">\n\t\t\t\t<div class=\"elementor-widget-container\">\n\t\t\t<h2 class=\"elementor-heading-title elementor-size-large\">Selo Participa\u00e7\u00e3o no Registro Nacional de Terapia Intensiva<\/h2>\t\t<\/div>\n\t\t\t\t<\/div>\n\t\t\t\t<div class=\"elementor-element elementor-element-44cd38a elementor-widget elementor-widget-text-editor\" data-id=\"44cd38a\" data-element_type=\"widget\" data-widget_type=\"text-editor.default\">\n\t\t\t\t<div class=\"elementor-widget-container\">\n\t\t\t<style>\/*! elementor - v3.17.0 - 08-11-2023 *\/\n.elementor-widget-text-editor.elementor-drop-cap-view-stacked .elementor-drop-cap{background-color:#69727d;color:#fff}.elementor-widget-text-editor.elementor-drop-cap-view-framed .elementor-drop-cap{color:#69727d;border:3px solid;background-color:transparent}.elementor-widget-text-editor:not(.elementor-drop-cap-view-default) .elementor-drop-cap{margin-top:8px}.elementor-widget-text-editor:not(.elementor-drop-cap-view-default) .elementor-drop-cap-letter{width:1em;height:1em}.elementor-widget-text-editor .elementor-drop-cap{float:left;text-align:center;line-height:1;font-size:50px}.elementor-widget-text-editor .elementor-drop-cap-letter{display:inline-block}<\/style>\t\t\t\t\u00c9 conferido \u00e0s UTIs adulto e\/ou pedi\u00e1trica que contribu\u00edrem com dados para o Registro Nacional de Terapia Intensiva de forma cont\u00ednua e adequada.\t\t\t\t\t\t<\/div>\n\t\t\t\t<\/div>\n\t\t\t\t<div class=\"elementor-element elementor-element-bd7fb10 elementor-widget elementor-widget-image\" data-id=\"bd7fb10\" data-element_type=\"widget\" data-widget_type=\"image.default\">\n\t\t\t\t<div class=\"elementor-widget-container\">\n\t\t\t<style>\/*! elementor - v3.17.0 - 08-11-2023 *\/\n.elementor-widget-image{text-align:center}.elementor-widget-image a{display:inline-block}.elementor-widget-image a img[src$=\".svg\"]{width:48px}.elementor-widget-image img{vertical-align:middle;display:inline-block}<\/style>\t\t\t\t\t\t\t\t\t\t\t\t<img decoding=\"async\" loading=\"lazy\" width=\"150\" height=\"150\" src=\"https:\/\/ucisuruguayas.com\/wp-content\/uploads\/2023\/01\/certificado-150x150.png\" class=\"attachment-thumbnail size-thumbnail wp-image-5166\" alt=\"\" srcset=\"https:\/\/ucisuruguayas.com\/wp-content\/uploads\/2023\/01\/certificado-150x150.png 150w, https:\/\/ucisuruguayas.com\/wp-content\/uploads\/2023\/01\/certificado-640x640.png 640w\" sizes=\"(max-width: 150px) 100vw, 150px\" \/>\t\t\t\t\t\t\t\t\t\t\t\t\t\t\t<\/div>\n\t\t\t\t<\/div>\n\t\t\t\t<div class=\"elementor-element elementor-element-3fa35d5 elementor-widget elementor-widget-heading\" data-id=\"3fa35d5\" data-element_type=\"widget\" data-widget_type=\"heading.default\">\n\t\t\t\t<div class=\"elementor-widget-container\">\n\t\t\t<h2 class=\"elementor-heading-title elementor-size-large\">Selo Gest\u00e3o de Indicadores de Qualidade e Desempenho<\/h2>\t\t<\/div>\n\t\t\t\t<\/div>\n\t\t\t\t<div class=\"elementor-element elementor-element-1dc24c3 elementor-widget elementor-widget-text-editor\" data-id=\"1dc24c3\" data-element_type=\"widget\" data-widget_type=\"text-editor.default\">\n\t\t\t\t<div class=\"elementor-widget-container\">\n\t\t\t\t\t\t\t\u00c9 conferido \u00e0s UTIs adulto e\/ou pedi\u00e1trica que gerenciam seus indicadores de qualidade e desempenho atrav\u00e9s do sistema Epimed Monitor UTI, contribuindo para a melhoria da qualidade da medicina intensiva e da seguran\u00e7a dos pacientes no Equador.\t\t\t\t\t\t<\/div>\n\t\t\t\t<\/div>\n\t\t\t\t<div class=\"elementor-element elementor-element-a76d546 elementor-widget elementor-widget-image\" data-id=\"a76d546\" data-element_type=\"widget\" data-widget_type=\"image.default\">\n\t\t\t\t<div class=\"elementor-widget-container\">\n\t\t\t\t\t\t\t\t\t\t\t\t\t\t\t<img decoding=\"async\" loading=\"lazy\" width=\"150\" height=\"150\" src=\"https:\/\/ucisuruguayas.com\/wp-content\/uploads\/2023\/01\/certificado-150x150.png\" class=\"attachment-thumbnail size-thumbnail wp-image-5166\" alt=\"\" srcset=\"https:\/\/ucisuruguayas.com\/wp-content\/uploads\/2023\/01\/certificado-150x150.png 150w, https:\/\/ucisuruguayas.com\/wp-content\/uploads\/2023\/01\/certificado-640x640.png 640w\" sizes=\"(max-width: 150px) 100vw, 150px\" \/>\t\t\t\t\t\t\t\t\t\t\t\t\t\t\t<\/div>\n\t\t\t\t<\/div>\n\t\t\t\t\t<\/div>\n\t\t<\/div>\n\t\t\t\t\t\t\t<\/div>\n\t\t<\/section>\n\t\t\t\t<section class=\"elementor-section elementor-top-section elementor-element elementor-element-4d45bc6 elementor-section-boxed elementor-section-height-default elementor-section-height-default\" data-id=\"4d45bc6\" data-element_type=\"section\">\n\t\t\t\t\t\t<div class=\"elementor-container elementor-column-gap-default\">\n\t\t\t\t\t<div class=\"elementor-column elementor-col-100 elementor-top-column elementor-element elementor-element-508ab5b\" data-id=\"508ab5b\" data-element_type=\"column\" data-settings=\"{&quot;background_background&quot;:&quot;classic&quot;}\">\n\t\t\t<div class=\"elementor-widget-wrap elementor-element-populated\">\n\t\t\t\t\t\t\t\t<div class=\"elementor-element elementor-element-05466e4 elementor-widget elementor-widget-heading\" data-id=\"05466e4\" data-element_type=\"widget\" data-widget_type=\"heading.default\">\n\t\t\t\t<div class=\"elementor-widget-container\">\n\t\t\t<h2 class=\"elementor-heading-title elementor-size-large\">Como mencionar o projeto em comunica\u00e7\u00f5es e publica\u00e7\u00f5es cient\u00edficas<\/h2>\t\t<\/div>\n\t\t\t\t<\/div>\n\t\t\t\t<div class=\"elementor-element elementor-element-b61ca18 elementor-widget elementor-widget-text-editor\" data-id=\"b61ca18\" data-element_type=\"widget\" data-widget_type=\"text-editor.default\">\n\t\t\t\t<div class=\"elementor-widget-container\">\n\t\t\t\t\t\t\tPara mencionar o projeto UCIs Equatorianas em comunica\u00e7\u00f5es e publica\u00e7\u00f5es cient\u00edficas, utilize o texto abaixo:\n\nNossas UTIs t\u00eam seus resultados t\u00e9cnicos monitorados pela Sociedade Equatoriana de Cuidados Intensivos (SECI) e pela Federa\u00e7\u00e3o Pan-Americana e Ib\u00e9rica de Medicina Cr\u00edtica e Terapia Intensiva (FEPIMCTI) no projeto \u201cUCIs Ecuatorianas\u201d (www.ucisecuatorianas.com).\t\t\t\t\t\t<\/div>\n\t\t\t\t<\/div>\n\t\t\t\t\t<\/div>\n\t\t<\/div>\n\t\t\t\t\t\t\t<\/div>\n\t\t<\/section>\n\t\t\t\t\t\t\t<\/div>\n\t\t","protected":false},"excerpt":{"rendered":"<p>Certifica\u00e7\u00f5es Selo Participa\u00e7\u00e3o no Registro Nacional de Terapia Intensiva \u00c9 conferido \u00e0s UTIs adulto e\/ou pedi\u00e1trica que contribu\u00edrem com dados para o Registro Nacional de Terapia Intensiva [&hellip;]<\/p>\n","protected":false},"author":1,"featured_media":0,"parent":0,"menu_order":0,"comment_status":"closed","ping_status":"closed","template":"tpl\/front-page.php","meta":[],"yoast_head":"<!-- This site is optimized with the Yoast SEO plugin v20.5 - https:\/\/yoast.com\/wordpress\/plugins\/seo\/ -->\r\n<title>Certifica\u00e7\u00f5es - UTIs Brasileiras<\/title>\r\n<meta name=\"robots\" content=\"noindex, follow, max-snippet:-1, max-image-preview:large, max-video-preview:-1\" \/>\r\n<meta property=\"og:locale\" content=\"pt_BR\" \/>\r\n<meta property=\"og:type\" content=\"article\" \/>\r\n<meta property=\"og:title\" content=\"Certifica\u00e7\u00f5es - UTIs Brasileiras\" \/>\r\n<meta property=\"og:description\" content=\"Certifica\u00e7\u00f5es Selo Participa\u00e7\u00e3o no Registro Nacional de Terapia Intensiva \u00c9 conferido \u00e0s UTIs adulto e\/ou pedi\u00e1trica que contribu\u00edrem com dados para o Registro Nacional de Terapia Intensiva [&hellip;]\" \/>\r\n<meta property=\"og:url\" content=\"https:\/\/ucisuruguayas.com\/pt-br\/certificacoes\/\" \/>\r\n<meta property=\"og:site_name\" content=\"UTIs Brasileiras\" \/>\r\n<meta property=\"article:modified_time\" content=\"2023-01-31T19:40:54+00:00\" \/>\r\n<meta property=\"og:image\" content=\"http:\/\/www.ucisecuatorianas.com\/wp-content\/uploads\/2023\/01\/certificado-150x150.png\" \/>\r\n<meta name=\"twitter:card\" content=\"summary_large_image\" \/>\r\n<meta name=\"twitter:label1\" content=\"Est. tempo de leitura\" \/>\n\t<meta name=\"twitter:data1\" content=\"2 minutos\" \/>\r\n<script type=\"application\/ld+json\" class=\"yoast-schema-graph\">{\"@context\":\"https:\/\/schema.org\",\"@graph\":[{\"@type\":\"WebPage\",\"@id\":\"https:\/\/ucisuruguayas.com\/pt-br\/certificacoes\/\",\"url\":\"https:\/\/ucisuruguayas.com\/pt-br\/certificacoes\/\",\"name\":\"Certifica\u00e7\u00f5es - UTIs Brasileiras\",\"isPartOf\":{\"@id\":\"https:\/\/ucisuruguayas.com\/pt-br\/#website\"},\"datePublished\":\"2023-01-31T13:58:40+00:00\",\"dateModified\":\"2023-01-31T19:40:54+00:00\",\"breadcrumb\":{\"@id\":\"https:\/\/ucisuruguayas.com\/pt-br\/certificacoes\/#breadcrumb\"},\"inLanguage\":\"pt-BR\",\"potentialAction\":[{\"@type\":\"ReadAction\",\"target\":[\"https:\/\/ucisuruguayas.com\/pt-br\/certificacoes\/\"]}]},{\"@type\":\"BreadcrumbList\",\"@id\":\"https:\/\/ucisuruguayas.com\/pt-br\/certificacoes\/#breadcrumb\",\"itemListElement\":[{\"@type\":\"ListItem\",\"position\":1,\"name\":\"In\u00edcio\",\"item\":\"https:\/\/ucisuruguayas.com\/pt-br\/\"},{\"@type\":\"ListItem\",\"position\":2,\"name\":\"Certifica\u00e7\u00f5es\"}]},{\"@type\":\"WebSite\",\"@id\":\"https:\/\/ucisuruguayas.com\/pt-br\/#website\",\"url\":\"https:\/\/ucisuruguayas.com\/pt-br\/\",\"name\":\"UTIs Brasileiras\",\"description\":\"El proyecto denominado UCIs Uruguayas tiene como objetivo caracterizar el perfil epidemiol\u00f3gico de las UCI uruguayas\",\"publisher\":{\"@id\":\"https:\/\/ucisuruguayas.com\/pt-br\/#organization\"},\"potentialAction\":[{\"@type\":\"SearchAction\",\"target\":{\"@type\":\"EntryPoint\",\"urlTemplate\":\"https:\/\/ucisuruguayas.com\/pt-br\/?s={search_term_string}\"},\"query-input\":\"required name=search_term_string\"}],\"inLanguage\":\"pt-BR\"},{\"@type\":\"Organization\",\"@id\":\"https:\/\/ucisuruguayas.com\/pt-br\/#organization\",\"name\":\"UTIs Brasileiras\",\"url\":\"https:\/\/ucisuruguayas.com\/pt-br\/\",\"logo\":{\"@type\":\"ImageObject\",\"inLanguage\":\"pt-BR\",\"@id\":\"https:\/\/ucisuruguayas.com\/pt-br\/#\/schema\/logo\/image\/\",\"url\":\"https:\/\/ucisuruguayas.com\/wp-content\/uploads\/2022\/09\/UCIs-Uruguayas-Copia.png\",\"contentUrl\":\"https:\/\/ucisuruguayas.com\/wp-content\/uploads\/2022\/09\/UCIs-Uruguayas-Copia.png\",\"width\":259,\"height\":70,\"caption\":\"UTIs Brasileiras\"},\"image\":{\"@id\":\"https:\/\/ucisuruguayas.com\/pt-br\/#\/schema\/logo\/image\/\"}}]}<\/script>\r\n<!-- \/ Yoast SEO plugin. -->","yoast_head_json":{"title":"Certifica\u00e7\u00f5es - UTIs Brasileiras","robots":{"index":"noindex","follow":"follow","max-snippet":"max-snippet:-1","max-image-preview":"max-image-preview:large","max-video-preview":"max-video-preview:-1"},"og_locale":"pt_BR","og_type":"article","og_title":"Certifica\u00e7\u00f5es - UTIs Brasileiras","og_description":"Certifica\u00e7\u00f5es Selo Participa\u00e7\u00e3o no Registro Nacional de Terapia Intensiva \u00c9 conferido \u00e0s UTIs adulto e\/ou pedi\u00e1trica que contribu\u00edrem com dados para o Registro Nacional de Terapia Intensiva [&hellip;]","og_url":"https:\/\/ucisuruguayas.com\/pt-br\/certificacoes\/","og_site_name":"UTIs Brasileiras","article_modified_time":"2023-01-31T19:40:54+00:00","og_image":[{"url":"http:\/\/www.ucisecuatorianas.com\/wp-content\/uploads\/2023\/01\/certificado-150x150.png"}],"twitter_card":"summary_large_image","twitter_misc":{"Est. tempo de leitura":"2 minutos"},"schema":{"@context":"https:\/\/schema.org","@graph":[{"@type":"WebPage","@id":"https:\/\/ucisuruguayas.com\/pt-br\/certificacoes\/","url":"https:\/\/ucisuruguayas.com\/pt-br\/certificacoes\/","name":"Certifica\u00e7\u00f5es - UTIs Brasileiras","isPartOf":{"@id":"https:\/\/ucisuruguayas.com\/pt-br\/#website"},"datePublished":"2023-01-31T13:58:40+00:00","dateModified":"2023-01-31T19:40:54+00:00","breadcrumb":{"@id":"https:\/\/ucisuruguayas.com\/pt-br\/certificacoes\/#breadcrumb"},"inLanguage":"pt-BR","potentialAction":[{"@type":"ReadAction","target":["https:\/\/ucisuruguayas.com\/pt-br\/certificacoes\/"]}]},{"@type":"BreadcrumbList","@id":"https:\/\/ucisuruguayas.com\/pt-br\/certificacoes\/#breadcrumb","itemListElement":[{"@type":"ListItem","position":1,"name":"In\u00edcio","item":"https:\/\/ucisuruguayas.com\/pt-br\/"},{"@type":"ListItem","position":2,"name":"Certifica\u00e7\u00f5es"}]},{"@type":"WebSite","@id":"https:\/\/ucisuruguayas.com\/pt-br\/#website","url":"https:\/\/ucisuruguayas.com\/pt-br\/","name":"UTIs Brasileiras","description":"El proyecto denominado UCIs Uruguayas tiene como objetivo caracterizar el perfil epidemiol\u00f3gico de las UCI uruguayas","publisher":{"@id":"https:\/\/ucisuruguayas.com\/pt-br\/#organization"},"potentialAction":[{"@type":"SearchAction","target":{"@type":"EntryPoint","urlTemplate":"https:\/\/ucisuruguayas.com\/pt-br\/?s={search_term_string}"},"query-input":"required name=search_term_string"}],"inLanguage":"pt-BR"},{"@type":"Organization","@id":"https:\/\/ucisuruguayas.com\/pt-br\/#organization","name":"UTIs Brasileiras","url":"https:\/\/ucisuruguayas.com\/pt-br\/","logo":{"@type":"ImageObject","inLanguage":"pt-BR","@id":"https:\/\/ucisuruguayas.com\/pt-br\/#\/schema\/logo\/image\/","url":"https:\/\/ucisuruguayas.com\/wp-content\/uploads\/2022\/09\/UCIs-Uruguayas-Copia.png","contentUrl":"https:\/\/ucisuruguayas.com\/wp-content\/uploads\/2022\/09\/UCIs-Uruguayas-Copia.png","width":259,"height":70,"caption":"UTIs Brasileiras"},"image":{"@id":"https:\/\/ucisuruguayas.com\/pt-br\/#\/schema\/logo\/image\/"}}]}},"_links":{"self":[{"href":"https:\/\/ucisuruguayas.com\/pt-br\/wp-json\/wp\/v2\/pages\/5191"}],"collection":[{"href":"https:\/\/ucisuruguayas.com\/pt-br\/wp-json\/wp\/v2\/pages"}],"about":[{"href":"https:\/\/ucisuruguayas.com\/pt-br\/wp-json\/wp\/v2\/types\/page"}],"author":[{"embeddable":true,"href":"https:\/\/ucisuruguayas.com\/pt-br\/wp-json\/wp\/v2\/users\/1"}],"replies":[{"embeddable":true,"href":"https:\/\/ucisuruguayas.com\/pt-br\/wp-json\/wp\/v2\/comments?post=5191"}],"version-history":[{"count":20,"href":"https:\/\/ucisuruguayas.com\/pt-br\/wp-json\/wp\/v2\/pages\/5191\/revisions"}],"predecessor-version":[{"id":5360,"href":"https:\/\/ucisuruguayas.com\/pt-br\/wp-json\/wp\/v2\/pages\/5191\/revisions\/5360"}],"wp:attachment":[{"href":"https:\/\/ucisuruguayas.com\/pt-br\/wp-json\/wp\/v2\/media?parent=5191"}],"curies":[{"name":"wp","href":"https:\/\/api.w.org\/{rel}","templated":true}]}}