{"id":7229,"date":"2023-04-24T17:48:15","date_gmt":"2023-04-24T20:48:15","guid":{"rendered":"https:\/\/homolog.ucisuruguayas.com\/?page_id=7229"},"modified":"2023-05-22T16:26:28","modified_gmt":"2023-05-22T19:26:28","slug":"sumi","status":"publish","type":"page","link":"https:\/\/ucisuruguayas.com\/pt-br\/sumi\/","title":{"rendered":"SUMI"},"content":{"rendered":"\t\t<div data-elementor-type=\"wp-page\" data-elementor-id=\"7229\" class=\"elementor elementor-7229 elementor-7227\">\n\t\t\t\t\t\t\t\t\t<section class=\"elementor-section elementor-top-section elementor-element elementor-element-2e8b1fb elementor-section-boxed elementor-section-height-default elementor-section-height-default\" data-id=\"2e8b1fb\" data-element_type=\"section\">\n\t\t\t\t\t\t<div class=\"elementor-container elementor-column-gap-default\">\n\t\t\t\t\t<div class=\"elementor-column elementor-col-100 elementor-top-column elementor-element elementor-element-9c61011\" data-id=\"9c61011\" data-element_type=\"column\">\n\t\t\t<div class=\"elementor-widget-wrap elementor-element-populated\">\n\t\t\t\t\t\t\t\t<div class=\"elementor-element elementor-element-60755bf elementor-widget elementor-widget-spacer\" data-id=\"60755bf\" data-element_type=\"widget\" data-widget_type=\"spacer.default\">\n\t\t\t\t<div class=\"elementor-widget-container\">\n\t\t\t<style>\/*! elementor - v3.17.0 - 08-11-2023 *\/\n.elementor-column .elementor-spacer-inner{height:var(--spacer-size)}.e-con{--container-widget-width:100%}.e-con-inner>.elementor-widget-spacer,.e-con>.elementor-widget-spacer{width:var(--container-widget-width,var(--spacer-size));--align-self:var(--container-widget-align-self,initial);--flex-shrink:0}.e-con-inner>.elementor-widget-spacer>.elementor-widget-container,.e-con>.elementor-widget-spacer>.elementor-widget-container{height:100%;width:100%}.e-con-inner>.elementor-widget-spacer>.elementor-widget-container>.elementor-spacer,.e-con>.elementor-widget-spacer>.elementor-widget-container>.elementor-spacer{height:100%}.e-con-inner>.elementor-widget-spacer>.elementor-widget-container>.elementor-spacer>.elementor-spacer-inner,.e-con>.elementor-widget-spacer>.elementor-widget-container>.elementor-spacer>.elementor-spacer-inner{height:var(--container-widget-height,var(--spacer-size))}.e-con-inner>.elementor-widget-spacer.elementor-widget-empty,.e-con>.elementor-widget-spacer.elementor-widget-empty{position:relative;min-height:22px;min-width:22px}.e-con-inner>.elementor-widget-spacer.elementor-widget-empty .elementor-widget-empty-icon,.e-con>.elementor-widget-spacer.elementor-widget-empty .elementor-widget-empty-icon{position:absolute;top:0;bottom:0;left:0;right:0;margin:auto;padding:0;width:22px;height:22px}<\/style>\t\t<div class=\"elementor-spacer\">\n\t\t\t<div class=\"elementor-spacer-inner\"><\/div>\n\t\t<\/div>\n\t\t\t\t<\/div>\n\t\t\t\t<\/div>\n\t\t\t\t\t<\/div>\n\t\t<\/div>\n\t\t\t\t\t\t\t<\/div>\n\t\t<\/section>\n\t\t\t\t<section class=\"elementor-section elementor-top-section elementor-element elementor-element-83ef479 elementor-section-boxed elementor-section-height-default elementor-section-height-default tf-parallax-no\" data-id=\"83ef479\" data-element_type=\"section\" data-settings=\"{&quot;background_background&quot;:&quot;classic&quot;}\">\n\t\t\t\t\t\t\t<div class=\"elementor-background-overlay\"><\/div>\n\t\t\t\t\t\t\t<div class=\"elementor-container elementor-column-gap-default\">\n\t\t\t\t\t<div class=\"elementor-column elementor-col-33 elementor-top-column elementor-element elementor-element-9db02b3\" data-id=\"9db02b3\" data-element_type=\"column\">\n\t\t\t<div class=\"elementor-widget-wrap elementor-element-populated\">\n\t\t\t\t\t\t\t\t<div class=\"elementor-element elementor-element-67ea12a elementor-widget elementor-widget-heading\" data-id=\"67ea12a\" data-element_type=\"widget\" data-widget_type=\"heading.default\">\n\t\t\t\t<div class=\"elementor-widget-container\">\n\t\t\t<style>\/*! elementor - v3.17.0 - 08-11-2023 *\/\n.elementor-heading-title{padding:0;margin:0;line-height:1}.elementor-widget-heading .elementor-heading-title[class*=elementor-size-]>a{color:inherit;font-size:inherit;line-height:inherit}.elementor-widget-heading .elementor-heading-title.elementor-size-small{font-size:15px}.elementor-widget-heading .elementor-heading-title.elementor-size-medium{font-size:19px}.elementor-widget-heading .elementor-heading-title.elementor-size-large{font-size:29px}.elementor-widget-heading .elementor-heading-title.elementor-size-xl{font-size:39px}.elementor-widget-heading .elementor-heading-title.elementor-size-xxl{font-size:59px}<\/style><h1 class=\"elementor-heading-title elementor-size-large\">Sociedade Uruguaia de Medicina Intensiva (SUMI)<\/h1>\t\t<\/div>\n\t\t\t\t<\/div>\n\t\t\t\t<div class=\"elementor-element elementor-element-44cd38a elementor-widget elementor-widget-text-editor\" data-id=\"44cd38a\" data-element_type=\"widget\" data-widget_type=\"text-editor.default\">\n\t\t\t\t<div class=\"elementor-widget-container\">\n\t\t\t<style>\/*! elementor - v3.17.0 - 08-11-2023 *\/\n.elementor-widget-text-editor.elementor-drop-cap-view-stacked .elementor-drop-cap{background-color:#69727d;color:#fff}.elementor-widget-text-editor.elementor-drop-cap-view-framed .elementor-drop-cap{color:#69727d;border:3px solid;background-color:transparent}.elementor-widget-text-editor:not(.elementor-drop-cap-view-default) .elementor-drop-cap{margin-top:8px}.elementor-widget-text-editor:not(.elementor-drop-cap-view-default) .elementor-drop-cap-letter{width:1em;height:1em}.elementor-widget-text-editor .elementor-drop-cap{float:left;text-align:center;line-height:1;font-size:50px}.elementor-widget-text-editor .elementor-drop-cap-letter{display:inline-block}<\/style>\t\t\t\t<p><span style=\"font-weight: 400;\">A Sociedade Uruguaia de Medicina Intensiva (SUMI) \u00e9 a sociedade cient\u00edfica que re\u00fane os m\u00e9dicos intensivistas do Uruguai. Seus principais objetivos s\u00e3o: empenhar-se por uma medicina intensiva nacional de qualidade e lutar por condi\u00e7\u00f5es de trabalho de acordo com a especialidade exigida.<\/span><\/p><p><span style=\"font-weight: 400;\">Isso implica melhorar a forma\u00e7\u00e3o e o treinamento dos m\u00e9dicos intensivistas e conhecer a realidade assistencial da medicina intensiva no pa\u00eds. Por isso, consideramos fundamental a obten\u00e7\u00e3o de informa\u00e7\u00f5es atualizadas que nos permitam democratizar nossos resultados assistenciais com o objetivo de desenvolver pol\u00edticas na procura de uma melhor medicina intensiva.<\/span><\/p><p><span style=\"font-weight: 400;\">Para mais informa\u00e7\u00f5es, acesse o site: <a href=\"https:\/\/www.sumi.uy\/\" target=\"_blank\" rel=\"noopener\">www.sumi.uy<\/a><\/span><\/p>\t\t\t\t\t\t<\/div>\n\t\t\t\t<\/div>\n\t\t\t\t\t<\/div>\n\t\t<\/div>\n\t\t\t\t<div class=\"elementor-column elementor-col-66 elementor-top-column elementor-element elementor-element-6e74ff5\" data-id=\"6e74ff5\" data-element_type=\"column\">\n\t\t\t<div class=\"elementor-widget-wrap elementor-element-populated\">\n\t\t\t\t\t\t\t\t<div class=\"elementor-element elementor-element-6f62fa0 elementor-widget elementor-widget-spacer\" data-id=\"6f62fa0\" data-element_type=\"widget\" data-widget_type=\"spacer.default\">\n\t\t\t\t<div class=\"elementor-widget-container\">\n\t\t\t\t\t<div class=\"elementor-spacer\">\n\t\t\t<div class=\"elementor-spacer-inner\"><\/div>\n\t\t<\/div>\n\t\t\t\t<\/div>\n\t\t\t\t<\/div>\n\t\t\t\t<div class=\"elementor-element elementor-element-bd7fb10 elementor-widget elementor-widget-image\" data-id=\"bd7fb10\" data-element_type=\"widget\" data-widget_type=\"image.default\">\n\t\t\t\t<div class=\"elementor-widget-container\">\n\t\t\t<style>\/*! elementor - v3.17.0 - 08-11-2023 *\/\n.elementor-widget-image{text-align:center}.elementor-widget-image a{display:inline-block}.elementor-widget-image a img[src$=\".svg\"]{width:48px}.elementor-widget-image img{vertical-align:middle;display:inline-block}<\/style>\t\t\t\t\t\t\t\t\t\t\t\t<img decoding=\"async\" loading=\"lazy\" width=\"768\" height=\"342\" src=\"https:\/\/ucisuruguayas.com\/wp-content\/uploads\/2023\/04\/sumi-logo-768x342.png\" class=\"attachment-medium_large size-medium_large wp-image-7236\" alt=\"\" srcset=\"https:\/\/ucisuruguayas.com\/wp-content\/uploads\/2023\/04\/sumi-logo-768x342.png 768w, https:\/\/ucisuruguayas.com\/wp-content\/uploads\/2023\/04\/sumi-logo-300x133.png 300w, https:\/\/ucisuruguayas.com\/wp-content\/uploads\/2023\/04\/sumi-logo-1024x456.png 1024w, https:\/\/ucisuruguayas.com\/wp-content\/uploads\/2023\/04\/sumi-logo-1536x683.png 1536w, https:\/\/ucisuruguayas.com\/wp-content\/uploads\/2023\/04\/sumi-logo.png 1798w\" sizes=\"(max-width: 768px) 100vw, 768px\" \/>\t\t\t\t\t\t\t\t\t\t\t\t\t\t\t<\/div>\n\t\t\t\t<\/div>\n\t\t\t\t\t<\/div>\n\t\t<\/div>\n\t\t\t\t\t\t\t<\/div>\n\t\t<\/section>\n\t\t\t\t\t\t\t<\/div>\n\t\t","protected":false},"excerpt":{"rendered":"<p>Sociedade Uruguaia de Medicina Intensiva (SUMI) A Sociedade Uruguaia de Medicina Intensiva (SUMI) \u00e9 a sociedade cient\u00edfica que re\u00fane os m\u00e9dicos intensivistas do Uruguai. Seus principais objetivos [&hellip;]<\/p>\n","protected":false},"author":1,"featured_media":0,"parent":0,"menu_order":0,"comment_status":"closed","ping_status":"closed","template":"tpl\/front-page.php","meta":[],"yoast_head":"<!-- This site is optimized with the Yoast SEO plugin v20.5 - https:\/\/yoast.com\/wordpress\/plugins\/seo\/ -->\r\n<title>SUMI - UTIs Brasileiras<\/title>\r\n<meta name=\"robots\" content=\"noindex, follow, max-snippet:-1, max-image-preview:large, max-video-preview:-1\" \/>\r\n<meta property=\"og:locale\" content=\"pt_BR\" \/>\r\n<meta property=\"og:type\" content=\"article\" \/>\r\n<meta property=\"og:title\" content=\"SUMI - UTIs Brasileiras\" \/>\r\n<meta property=\"og:description\" content=\"Sociedade Uruguaia de Medicina Intensiva (SUMI) A Sociedade Uruguaia de Medicina Intensiva (SUMI) \u00e9 a sociedade cient\u00edfica que re\u00fane os m\u00e9dicos intensivistas do Uruguai. Seus principais objetivos [&hellip;]\" \/>\r\n<meta property=\"og:url\" content=\"https:\/\/ucisuruguayas.com\/pt-br\/sumi\/\" \/>\r\n<meta property=\"og:site_name\" content=\"UTIs Brasileiras\" \/>\r\n<meta property=\"article:modified_time\" content=\"2023-05-22T19:26:28+00:00\" \/>\r\n<meta property=\"og:image\" content=\"https:\/\/ucisuruguayas.com\/wp-content\/uploads\/2023\/04\/sumi-logo-768x342.png\" \/>\r\n<meta name=\"twitter:card\" content=\"summary_large_image\" \/>\r\n<meta name=\"twitter:label1\" content=\"Est. tempo de leitura\" \/>\n\t<meta name=\"twitter:data1\" content=\"1 minuto\" \/>\r\n<script type=\"application\/ld+json\" class=\"yoast-schema-graph\">{\"@context\":\"https:\/\/schema.org\",\"@graph\":[{\"@type\":\"WebPage\",\"@id\":\"https:\/\/ucisuruguayas.com\/pt-br\/sumi\/\",\"url\":\"https:\/\/ucisuruguayas.com\/pt-br\/sumi\/\",\"name\":\"SUMI - UTIs Brasileiras\",\"isPartOf\":{\"@id\":\"https:\/\/ucisuruguayas.com\/pt-br\/#website\"},\"datePublished\":\"2023-04-24T20:48:15+00:00\",\"dateModified\":\"2023-05-22T19:26:28+00:00\",\"breadcrumb\":{\"@id\":\"https:\/\/ucisuruguayas.com\/pt-br\/sumi\/#breadcrumb\"},\"inLanguage\":\"pt-BR\",\"potentialAction\":[{\"@type\":\"ReadAction\",\"target\":[\"https:\/\/ucisuruguayas.com\/pt-br\/sumi\/\"]}]},{\"@type\":\"BreadcrumbList\",\"@id\":\"https:\/\/ucisuruguayas.com\/pt-br\/sumi\/#breadcrumb\",\"itemListElement\":[{\"@type\":\"ListItem\",\"position\":1,\"name\":\"In\u00edcio\",\"item\":\"https:\/\/ucisuruguayas.com\/pt-br\/\"},{\"@type\":\"ListItem\",\"position\":2,\"name\":\"SUMI\"}]},{\"@type\":\"WebSite\",\"@id\":\"https:\/\/ucisuruguayas.com\/pt-br\/#website\",\"url\":\"https:\/\/ucisuruguayas.com\/pt-br\/\",\"name\":\"UTIs Brasileiras\",\"description\":\"El proyecto denominado UCIs Uruguayas tiene como objetivo caracterizar el perfil epidemiol\u00f3gico de las UCI uruguayas\",\"publisher\":{\"@id\":\"https:\/\/ucisuruguayas.com\/pt-br\/#organization\"},\"potentialAction\":[{\"@type\":\"SearchAction\",\"target\":{\"@type\":\"EntryPoint\",\"urlTemplate\":\"https:\/\/ucisuruguayas.com\/pt-br\/?s={search_term_string}\"},\"query-input\":\"required name=search_term_string\"}],\"inLanguage\":\"pt-BR\"},{\"@type\":\"Organization\",\"@id\":\"https:\/\/ucisuruguayas.com\/pt-br\/#organization\",\"name\":\"UTIs Brasileiras\",\"url\":\"https:\/\/ucisuruguayas.com\/pt-br\/\",\"logo\":{\"@type\":\"ImageObject\",\"inLanguage\":\"pt-BR\",\"@id\":\"https:\/\/ucisuruguayas.com\/pt-br\/#\/schema\/logo\/image\/\",\"url\":\"https:\/\/ucisuruguayas.com\/wp-content\/uploads\/2022\/09\/UCIs-Uruguayas-Copia.png\",\"contentUrl\":\"https:\/\/ucisuruguayas.com\/wp-content\/uploads\/2022\/09\/UCIs-Uruguayas-Copia.png\",\"width\":259,\"height\":70,\"caption\":\"UTIs Brasileiras\"},\"image\":{\"@id\":\"https:\/\/ucisuruguayas.com\/pt-br\/#\/schema\/logo\/image\/\"}}]}<\/script>\r\n<!-- \/ Yoast SEO plugin. -->","yoast_head_json":{"title":"SUMI - UTIs Brasileiras","robots":{"index":"noindex","follow":"follow","max-snippet":"max-snippet:-1","max-image-preview":"max-image-preview:large","max-video-preview":"max-video-preview:-1"},"og_locale":"pt_BR","og_type":"article","og_title":"SUMI - UTIs Brasileiras","og_description":"Sociedade Uruguaia de Medicina Intensiva (SUMI) A Sociedade Uruguaia de Medicina Intensiva (SUMI) \u00e9 a sociedade cient\u00edfica que re\u00fane os m\u00e9dicos intensivistas do Uruguai. Seus principais objetivos [&hellip;]","og_url":"https:\/\/ucisuruguayas.com\/pt-br\/sumi\/","og_site_name":"UTIs Brasileiras","article_modified_time":"2023-05-22T19:26:28+00:00","og_image":[{"url":"https:\/\/ucisuruguayas.com\/wp-content\/uploads\/2023\/04\/sumi-logo-768x342.png"}],"twitter_card":"summary_large_image","twitter_misc":{"Est. tempo de leitura":"1 minuto"},"schema":{"@context":"https:\/\/schema.org","@graph":[{"@type":"WebPage","@id":"https:\/\/ucisuruguayas.com\/pt-br\/sumi\/","url":"https:\/\/ucisuruguayas.com\/pt-br\/sumi\/","name":"SUMI - UTIs Brasileiras","isPartOf":{"@id":"https:\/\/ucisuruguayas.com\/pt-br\/#website"},"datePublished":"2023-04-24T20:48:15+00:00","dateModified":"2023-05-22T19:26:28+00:00","breadcrumb":{"@id":"https:\/\/ucisuruguayas.com\/pt-br\/sumi\/#breadcrumb"},"inLanguage":"pt-BR","potentialAction":[{"@type":"ReadAction","target":["https:\/\/ucisuruguayas.com\/pt-br\/sumi\/"]}]},{"@type":"BreadcrumbList","@id":"https:\/\/ucisuruguayas.com\/pt-br\/sumi\/#breadcrumb","itemListElement":[{"@type":"ListItem","position":1,"name":"In\u00edcio","item":"https:\/\/ucisuruguayas.com\/pt-br\/"},{"@type":"ListItem","position":2,"name":"SUMI"}]},{"@type":"WebSite","@id":"https:\/\/ucisuruguayas.com\/pt-br\/#website","url":"https:\/\/ucisuruguayas.com\/pt-br\/","name":"UTIs Brasileiras","description":"El proyecto denominado UCIs Uruguayas tiene como objetivo caracterizar el perfil epidemiol\u00f3gico de las UCI uruguayas","publisher":{"@id":"https:\/\/ucisuruguayas.com\/pt-br\/#organization"},"potentialAction":[{"@type":"SearchAction","target":{"@type":"EntryPoint","urlTemplate":"https:\/\/ucisuruguayas.com\/pt-br\/?s={search_term_string}"},"query-input":"required name=search_term_string"}],"inLanguage":"pt-BR"},{"@type":"Organization","@id":"https:\/\/ucisuruguayas.com\/pt-br\/#organization","name":"UTIs Brasileiras","url":"https:\/\/ucisuruguayas.com\/pt-br\/","logo":{"@type":"ImageObject","inLanguage":"pt-BR","@id":"https:\/\/ucisuruguayas.com\/pt-br\/#\/schema\/logo\/image\/","url":"https:\/\/ucisuruguayas.com\/wp-content\/uploads\/2022\/09\/UCIs-Uruguayas-Copia.png","contentUrl":"https:\/\/ucisuruguayas.com\/wp-content\/uploads\/2022\/09\/UCIs-Uruguayas-Copia.png","width":259,"height":70,"caption":"UTIs Brasileiras"},"image":{"@id":"https:\/\/ucisuruguayas.com\/pt-br\/#\/schema\/logo\/image\/"}}]}},"_links":{"self":[{"href":"https:\/\/ucisuruguayas.com\/pt-br\/wp-json\/wp\/v2\/pages\/7229"}],"collection":[{"href":"https:\/\/ucisuruguayas.com\/pt-br\/wp-json\/wp\/v2\/pages"}],"about":[{"href":"https:\/\/ucisuruguayas.com\/pt-br\/wp-json\/wp\/v2\/types\/page"}],"author":[{"embeddable":true,"href":"https:\/\/ucisuruguayas.com\/pt-br\/wp-json\/wp\/v2\/users\/1"}],"replies":[{"embeddable":true,"href":"https:\/\/ucisuruguayas.com\/pt-br\/wp-json\/wp\/v2\/comments?post=7229"}],"version-history":[{"count":9,"href":"https:\/\/ucisuruguayas.com\/pt-br\/wp-json\/wp\/v2\/pages\/7229\/revisions"}],"predecessor-version":[{"id":7558,"href":"https:\/\/ucisuruguayas.com\/pt-br\/wp-json\/wp\/v2\/pages\/7229\/revisions\/7558"}],"wp:attachment":[{"href":"https:\/\/ucisuruguayas.com\/pt-br\/wp-json\/wp\/v2\/media?parent=7229"}],"curies":[{"name":"wp","href":"https:\/\/api.w.org\/{rel}","templated":true}]}}