{"id":7663,"date":"2023-08-18T10:32:30","date_gmt":"2023-08-18T13:32:30","guid":{"rendered":"https:\/\/ucisuruguayas.com\/hospital-uci-y-camas\/"},"modified":"2023-12-01T10:02:36","modified_gmt":"2023-12-01T13:02:36","slug":"hospitais-uti-leitos","status":"publish","type":"page","link":"https:\/\/ucisuruguayas.com\/pt-br\/hospitais-uti-leitos\/","title":{"rendered":"Hospitais, UTI e Leitos"},"content":{"rendered":"\t\t<div data-elementor-type=\"wp-page\" data-elementor-id=\"7663\" class=\"elementor elementor-7663 elementor-7585\">\n\t\t\t\t\t\t\t\t\t<section class=\"elementor-section elementor-top-section elementor-element elementor-element-c546bbe elementor-section-boxed elementor-section-height-default elementor-section-height-default\" data-id=\"c546bbe\" data-element_type=\"section\">\n\t\t\t\t\t\t<div class=\"elementor-container elementor-column-gap-default\">\n\t\t\t\t\t<div class=\"elementor-column elementor-col-100 elementor-top-column elementor-element elementor-element-7401457\" data-id=\"7401457\" data-element_type=\"column\">\n\t\t\t<div class=\"elementor-widget-wrap elementor-element-populated\">\n\t\t\t\t\t\t\t\t<div class=\"elementor-element elementor-element-89dc219 elementor-widget elementor-widget-heading\" data-id=\"89dc219\" data-element_type=\"widget\" data-widget_type=\"heading.default\">\n\t\t\t\t<div class=\"elementor-widget-container\">\n\t\t\t<style>\/*! elementor - v3.17.0 - 08-11-2023 *\/\n.elementor-heading-title{padding:0;margin:0;line-height:1}.elementor-widget-heading .elementor-heading-title[class*=elementor-size-]>a{color:inherit;font-size:inherit;line-height:inherit}.elementor-widget-heading .elementor-heading-title.elementor-size-small{font-size:15px}.elementor-widget-heading .elementor-heading-title.elementor-size-medium{font-size:19px}.elementor-widget-heading .elementor-heading-title.elementor-size-large{font-size:29px}.elementor-widget-heading .elementor-heading-title.elementor-size-xl{font-size:39px}.elementor-widget-heading .elementor-heading-title.elementor-size-xxl{font-size:59px}<\/style><h2 class=\"elementor-heading-title elementor-size-default\">Perfil de UTI Adulto<\/h2>\t\t<\/div>\n\t\t\t\t<\/div>\n\t\t\t\t<div class=\"elementor-element elementor-element-942dce2 elementor-widget elementor-widget-spacer\" data-id=\"942dce2\" data-element_type=\"widget\" data-widget_type=\"spacer.default\">\n\t\t\t\t<div class=\"elementor-widget-container\">\n\t\t\t<style>\/*! elementor - v3.17.0 - 08-11-2023 *\/\n.elementor-column .elementor-spacer-inner{height:var(--spacer-size)}.e-con{--container-widget-width:100%}.e-con-inner>.elementor-widget-spacer,.e-con>.elementor-widget-spacer{width:var(--container-widget-width,var(--spacer-size));--align-self:var(--container-widget-align-self,initial);--flex-shrink:0}.e-con-inner>.elementor-widget-spacer>.elementor-widget-container,.e-con>.elementor-widget-spacer>.elementor-widget-container{height:100%;width:100%}.e-con-inner>.elementor-widget-spacer>.elementor-widget-container>.elementor-spacer,.e-con>.elementor-widget-spacer>.elementor-widget-container>.elementor-spacer{height:100%}.e-con-inner>.elementor-widget-spacer>.elementor-widget-container>.elementor-spacer>.elementor-spacer-inner,.e-con>.elementor-widget-spacer>.elementor-widget-container>.elementor-spacer>.elementor-spacer-inner{height:var(--container-widget-height,var(--spacer-size))}.e-con-inner>.elementor-widget-spacer.elementor-widget-empty,.e-con>.elementor-widget-spacer.elementor-widget-empty{position:relative;min-height:22px;min-width:22px}.e-con-inner>.elementor-widget-spacer.elementor-widget-empty .elementor-widget-empty-icon,.e-con>.elementor-widget-spacer.elementor-widget-empty .elementor-widget-empty-icon{position:absolute;top:0;bottom:0;left:0;right:0;margin:auto;padding:0;width:22px;height:22px}<\/style>\t\t<div class=\"elementor-spacer\">\n\t\t\t<div class=\"elementor-spacer-inner\"><\/div>\n\t\t<\/div>\n\t\t\t\t<\/div>\n\t\t\t\t<\/div>\n\t\t\t\t\t<\/div>\n\t\t<\/div>\n\t\t\t\t\t\t\t<\/div>\n\t\t<\/section>\n\t\t\t\t<section class=\"elementor-section elementor-top-section elementor-element elementor-element-7ae34f6 elementor-section-boxed elementor-section-height-default elementor-section-height-default\" data-id=\"7ae34f6\" data-element_type=\"section\">\n\t\t\t\t\t\t<div class=\"elementor-container elementor-column-gap-default\">\n\t\t\t\t\t<div class=\"elementor-column elementor-col-25 elementor-top-column elementor-element elementor-element-1f5fde9\" data-id=\"1f5fde9\" data-element_type=\"column\">\n\t\t\t<div class=\"elementor-widget-wrap elementor-element-populated\">\n\t\t\t\t\t\t\t\t<div class=\"elementor-element elementor-element-5989f0d elementor-widget elementor-widget-button\" data-id=\"5989f0d\" data-element_type=\"widget\" data-widget_type=\"button.default\">\n\t\t\t\t<div class=\"elementor-widget-container\">\n\t\t\t\t\t<div class=\"elementor-button-wrapper\">\n\t\t\t<a class=\"elementor-button elementor-button-link elementor-size-sm\" href=\"https:\/\/ucisuruguayas.com\/pt-br\/hospitais-uti-leitos\/\">\n\t\t\t\t\t\t<span class=\"elementor-button-content-wrapper\">\n\t\t\t\t\t\t<span class=\"elementor-button-icon elementor-align-icon-left\">\n\t\t\t\t<i aria-hidden=\"true\" class=\"fas fa-check\"><\/i>\t\t\t<\/span>\n\t\t\t\t\t\t<span class=\"elementor-button-text\">Hospitais, UTI e Leitos<\/span>\n\t\t<\/span>\n\t\t\t\t\t<\/a>\n\t\t<\/div>\n\t\t\t\t<\/div>\n\t\t\t\t<\/div>\n\t\t\t\t<div class=\"elementor-element elementor-element-357d356 elementor-widget elementor-widget-button\" data-id=\"357d356\" data-element_type=\"widget\" data-widget_type=\"button.default\">\n\t\t\t\t<div class=\"elementor-widget-container\">\n\t\t\t\t\t<div class=\"elementor-button-wrapper\">\n\t\t\t<a class=\"elementor-button elementor-button-link elementor-size-sm\" href=\"https:\/\/ucisuruguayas.com\/pt-br\/suporte-na-uti\/\">\n\t\t\t\t\t\t<span class=\"elementor-button-content-wrapper\">\n\t\t\t\t\t\t<span class=\"elementor-button-icon elementor-align-icon-left\">\n\t\t\t\t<i aria-hidden=\"true\" class=\"fas fa-check\"><\/i>\t\t\t<\/span>\n\t\t\t\t\t\t<span class=\"elementor-button-text\">Suporte na UTI<\/span>\n\t\t<\/span>\n\t\t\t\t\t<\/a>\n\t\t<\/div>\n\t\t\t\t<\/div>\n\t\t\t\t<\/div>\n\t\t\t\t\t<\/div>\n\t\t<\/div>\n\t\t\t\t<div class=\"elementor-column elementor-col-25 elementor-top-column elementor-element elementor-element-c84ba51\" data-id=\"c84ba51\" data-element_type=\"column\">\n\t\t\t<div class=\"elementor-widget-wrap elementor-element-populated\">\n\t\t\t\t\t\t\t\t<div class=\"elementor-element elementor-element-6216e72 elementor-widget elementor-widget-button\" data-id=\"6216e72\" data-element_type=\"widget\" data-widget_type=\"button.default\">\n\t\t\t\t<div class=\"elementor-widget-container\">\n\t\t\t\t\t<div class=\"elementor-button-wrapper\">\n\t\t\t<a class=\"elementor-button elementor-button-link elementor-size-sm\" href=\"https:\/\/ucisuruguayas.com\/pt-br\/caracteristicas-das-internacoes\/\">\n\t\t\t\t\t\t<span class=\"elementor-button-content-wrapper\">\n\t\t\t\t\t\t<span class=\"elementor-button-icon elementor-align-icon-left\">\n\t\t\t\t<i aria-hidden=\"true\" class=\"fas fa-check\"><\/i>\t\t\t<\/span>\n\t\t\t\t\t\t<span class=\"elementor-button-text\">Caracter\u00edsticas das interna\u00e7\u00f5es<\/span>\n\t\t<\/span>\n\t\t\t\t\t<\/a>\n\t\t<\/div>\n\t\t\t\t<\/div>\n\t\t\t\t<\/div>\n\t\t\t\t<div class=\"elementor-element elementor-element-faa5f9a elementor-widget elementor-widget-button\" data-id=\"faa5f9a\" data-element_type=\"widget\" data-widget_type=\"button.default\">\n\t\t\t\t<div class=\"elementor-widget-container\">\n\t\t\t\t\t<div class=\"elementor-button-wrapper\">\n\t\t\t<a class=\"elementor-button elementor-button-link elementor-size-sm\" href=\"https:\/\/ucisuruguayas.com\/pt-br\/desfechos\/\">\n\t\t\t\t\t\t<span class=\"elementor-button-content-wrapper\">\n\t\t\t\t\t\t<span class=\"elementor-button-icon elementor-align-icon-left\">\n\t\t\t\t<i aria-hidden=\"true\" class=\"fas fa-check\"><\/i>\t\t\t<\/span>\n\t\t\t\t\t\t<span class=\"elementor-button-text\">Desfechos<\/span>\n\t\t<\/span>\n\t\t\t\t\t<\/a>\n\t\t<\/div>\n\t\t\t\t<\/div>\n\t\t\t\t<\/div>\n\t\t\t\t\t<\/div>\n\t\t<\/div>\n\t\t\t\t<div class=\"elementor-column elementor-col-25 elementor-top-column elementor-element elementor-element-cee8c8f\" data-id=\"cee8c8f\" data-element_type=\"column\">\n\t\t\t<div class=\"elementor-widget-wrap elementor-element-populated\">\n\t\t\t\t\t\t\t\t<div class=\"elementor-element elementor-element-4df5c75 elementor-widget elementor-widget-button\" data-id=\"4df5c75\" data-element_type=\"widget\" data-widget_type=\"button.default\">\n\t\t\t\t<div class=\"elementor-widget-container\">\n\t\t\t\t\t<div class=\"elementor-button-wrapper\">\n\t\t\t<a class=\"elementor-button elementor-button-link elementor-size-sm\" href=\"https:\/\/ucisuruguayas.com\/pt-br\/diagnosticos\/\">\n\t\t\t\t\t\t<span class=\"elementor-button-content-wrapper\">\n\t\t\t\t\t\t<span class=\"elementor-button-icon elementor-align-icon-left\">\n\t\t\t\t<i aria-hidden=\"true\" class=\"fas fa-check\"><\/i>\t\t\t<\/span>\n\t\t\t\t\t\t<span class=\"elementor-button-text\">Diagn\u00f3sticos<\/span>\n\t\t<\/span>\n\t\t\t\t\t<\/a>\n\t\t<\/div>\n\t\t\t\t<\/div>\n\t\t\t\t<\/div>\n\t\t\t\t<div class=\"elementor-element elementor-element-3643bd6 elementor-widget elementor-widget-button\" data-id=\"3643bd6\" data-element_type=\"widget\" data-widget_type=\"button.default\">\n\t\t\t\t<div class=\"elementor-widget-container\">\n\t\t\t\t\t<div class=\"elementor-button-wrapper\">\n\t\t\t<a class=\"elementor-button elementor-button-link elementor-size-sm\" href=\"https:\/\/ucisuruguayas.com\/pt-br\/tmp\/\">\n\t\t\t\t\t\t<span class=\"elementor-button-content-wrapper\">\n\t\t\t\t\t\t<span class=\"elementor-button-icon elementor-align-icon-left\">\n\t\t\t\t<i aria-hidden=\"true\" class=\"fas fa-check\"><\/i>\t\t\t<\/span>\n\t\t\t\t\t\t<span class=\"elementor-button-text\">TMP \/ TURP<\/span>\n\t\t<\/span>\n\t\t\t\t\t<\/a>\n\t\t<\/div>\n\t\t\t\t<\/div>\n\t\t\t\t<\/div>\n\t\t\t\t\t<\/div>\n\t\t<\/div>\n\t\t\t\t<div class=\"elementor-column elementor-col-25 elementor-top-column elementor-element elementor-element-09e6c16\" data-id=\"09e6c16\" data-element_type=\"column\">\n\t\t\t<div class=\"elementor-widget-wrap elementor-element-populated\">\n\t\t\t\t\t\t\t\t<div class=\"elementor-element elementor-element-4b9d3f9 elementor-widget elementor-widget-button\" data-id=\"4b9d3f9\" data-element_type=\"widget\" data-widget_type=\"button.default\">\n\t\t\t\t<div class=\"elementor-widget-container\">\n\t\t\t\t\t<div class=\"elementor-button-wrapper\">\n\t\t\t<a class=\"elementor-button elementor-button-link elementor-size-sm\" href=\"https:\/\/ucisuruguayas.com\/pt-br\/gravidade\/\">\n\t\t\t\t\t\t<span class=\"elementor-button-content-wrapper\">\n\t\t\t\t\t\t<span class=\"elementor-button-icon elementor-align-icon-left\">\n\t\t\t\t<i aria-hidden=\"true\" class=\"fas fa-check\"><\/i>\t\t\t<\/span>\n\t\t\t\t\t\t<span class=\"elementor-button-text\">Gravidade<\/span>\n\t\t<\/span>\n\t\t\t\t\t<\/a>\n\t\t<\/div>\n\t\t\t\t<\/div>\n\t\t\t\t<\/div>\n\t\t\t\t\t<\/div>\n\t\t<\/div>\n\t\t\t\t\t\t\t<\/div>\n\t\t<\/section>\n\t\t\t\t<section class=\"elementor-section elementor-top-section elementor-element elementor-element-a97c27f elementor-section-boxed elementor-section-height-default elementor-section-height-default\" data-id=\"a97c27f\" data-element_type=\"section\">\n\t\t\t\t\t\t<div class=\"elementor-container elementor-column-gap-default\">\n\t\t\t\t\t<div class=\"elementor-column elementor-col-100 elementor-top-column elementor-element elementor-element-9727fb1\" data-id=\"9727fb1\" data-element_type=\"column\">\n\t\t\t<div class=\"elementor-widget-wrap elementor-element-populated\">\n\t\t\t\t\t\t\t\t<div class=\"elementor-element elementor-element-e29bfc3 elementor-widget elementor-widget-spacer\" data-id=\"e29bfc3\" data-element_type=\"widget\" data-widget_type=\"spacer.default\">\n\t\t\t\t<div class=\"elementor-widget-container\">\n\t\t\t\t\t<div class=\"elementor-spacer\">\n\t\t\t<div class=\"elementor-spacer-inner\"><\/div>\n\t\t<\/div>\n\t\t\t\t<\/div>\n\t\t\t\t<\/div>\n\t\t\t\t\t<\/div>\n\t\t<\/div>\n\t\t\t\t\t\t\t<\/div>\n\t\t<\/section>\n\t\t\t\t<section class=\"elementor-section elementor-top-section elementor-element elementor-element-b3c46c0 elementor-section-boxed elementor-section-height-default elementor-section-height-default\" data-id=\"b3c46c0\" data-element_type=\"section\">\n\t\t\t\t\t\t<div class=\"elementor-container elementor-column-gap-default\">\n\t\t\t\t\t<div class=\"elementor-column elementor-col-50 elementor-top-column elementor-element elementor-element-d43b167\" data-id=\"d43b167\" data-element_type=\"column\">\n\t\t\t<div class=\"elementor-widget-wrap elementor-element-populated\">\n\t\t\t\t\t\t\t\t<div class=\"elementor-element elementor-element-1f78f62 elementor-widget elementor-widget-heading\" data-id=\"1f78f62\" data-element_type=\"widget\" data-widget_type=\"heading.default\">\n\t\t\t\t<div class=\"elementor-widget-container\">\n\t\t\t<h2 class=\"elementor-heading-title elementor-size-default\">Quantidade de UTIs por tipo de hospital<\/h2>\t\t<\/div>\n\t\t\t\t<\/div>\n\t\t\t\t<div class=\"elementor-element elementor-element-12f2bb7 elementor-widget elementor-widget-html\" data-id=\"12f2bb7\" data-element_type=\"widget\" data-widget_type=\"html.default\">\n\t\t\t\t<div class=\"elementor-widget-container\">\n\t\t\t<iframe loading=\"lazy\" src=\"https:\/\/utisbrasileiras.com\/utisbra_graficos\/UY\/ES_ICUs_by_hospital_type.html\" width=\"700\" height=\"360\" frameborder=\"0\" scrolling=\"no\" align=\"right\"><\/iframe>\t\t<\/div>\n\t\t\t\t<\/div>\n\t\t\t\t\t<\/div>\n\t\t<\/div>\n\t\t\t\t<div class=\"elementor-column elementor-col-50 elementor-top-column elementor-element elementor-element-b56ae86\" data-id=\"b56ae86\" data-element_type=\"column\">\n\t\t\t<div class=\"elementor-widget-wrap elementor-element-populated\">\n\t\t\t\t\t\t\t\t<div class=\"elementor-element elementor-element-6120450 elementor-widget elementor-widget-heading\" data-id=\"6120450\" data-element_type=\"widget\" data-widget_type=\"heading.default\">\n\t\t\t\t<div class=\"elementor-widget-container\">\n\t\t\t<h2 class=\"elementor-heading-title elementor-size-default\">N\u00famero de leitos por tipo de hospital<\/h2>\t\t<\/div>\n\t\t\t\t<\/div>\n\t\t\t\t<div class=\"elementor-element elementor-element-63fe479 elementor-widget elementor-widget-html\" data-id=\"63fe479\" data-element_type=\"widget\" data-widget_type=\"html.default\">\n\t\t\t\t<div class=\"elementor-widget-container\">\n\t\t\t<iframe loading=\"lazy\" src=\"https:\/\/utisbrasileiras.com\/utisbra_graficos\/UY\/ES_beds_by_hospital_type.html\" width=\"700\" height=\"360\" frameborder=\"0\" scrolling=\"no\" align=\"right\"><\/iframe>\t\t<\/div>\n\t\t\t\t<\/div>\n\t\t\t\t\t<\/div>\n\t\t<\/div>\n\t\t\t\t\t\t\t<\/div>\n\t\t<\/section>\n\t\t\t\t<section class=\"elementor-section elementor-top-section elementor-element elementor-element-50ed83b elementor-section-boxed elementor-section-height-default elementor-section-height-default\" data-id=\"50ed83b\" data-element_type=\"section\">\n\t\t\t\t\t\t<div class=\"elementor-container elementor-column-gap-default\">\n\t\t\t\t\t<div class=\"elementor-column elementor-col-100 elementor-top-column elementor-element elementor-element-9909193\" data-id=\"9909193\" data-element_type=\"column\">\n\t\t\t<div class=\"elementor-widget-wrap elementor-element-populated\">\n\t\t\t\t\t\t\t\t<div class=\"elementor-element elementor-element-55472ae elementor-widget elementor-widget-spacer\" data-id=\"55472ae\" data-element_type=\"widget\" data-widget_type=\"spacer.default\">\n\t\t\t\t<div class=\"elementor-widget-container\">\n\t\t\t\t\t<div class=\"elementor-spacer\">\n\t\t\t<div class=\"elementor-spacer-inner\"><\/div>\n\t\t<\/div>\n\t\t\t\t<\/div>\n\t\t\t\t<\/div>\n\t\t\t\t\t<\/div>\n\t\t<\/div>\n\t\t\t\t\t\t\t<\/div>\n\t\t<\/section>\n\t\t\t\t<section class=\"elementor-section elementor-top-section elementor-element elementor-element-952f422 elementor-section-boxed elementor-section-height-default elementor-section-height-default\" data-id=\"952f422\" data-element_type=\"section\">\n\t\t\t\t\t\t<div class=\"elementor-container elementor-column-gap-default\">\n\t\t\t\t\t<div class=\"elementor-column elementor-col-33 elementor-top-column elementor-element elementor-element-6149e12\" data-id=\"6149e12\" data-element_type=\"column\">\n\t\t\t<div class=\"elementor-widget-wrap\">\n\t\t\t\t\t\t\t\t\t<\/div>\n\t\t<\/div>\n\t\t\t\t<div class=\"elementor-column elementor-col-33 elementor-top-column elementor-element elementor-element-b7b9224\" data-id=\"b7b9224\" data-element_type=\"column\">\n\t\t\t<div class=\"elementor-widget-wrap elementor-element-populated\">\n\t\t\t\t\t\t\t\t<div class=\"elementor-element elementor-element-c64dd0a elementor-widget elementor-widget-heading\" data-id=\"c64dd0a\" data-element_type=\"widget\" data-widget_type=\"heading.default\">\n\t\t\t\t<div class=\"elementor-widget-container\">\n\t\t\t<h2 class=\"elementor-heading-title elementor-size-default\">Evolu\u00e7\u00e3o temporal do n\u00famero de hospitais, UTIs e leitos<\/h2>\t\t<\/div>\n\t\t\t\t<\/div>\n\t\t\t\t<div class=\"elementor-element elementor-element-3c0d9cb elementor-widget__width-initial elementor-widget elementor-widget-html\" data-id=\"3c0d9cb\" data-element_type=\"widget\" data-widget_type=\"html.default\">\n\t\t\t\t<div class=\"elementor-widget-container\">\n\t\t\t<iframe loading=\"lazy\" src=\"https:\/\/utisbrasileiras.com\/utisbra_graficos\/UY\/PT_all_beds_ICU_hosp_evol.html\" width=\"700\" height=\"500\" frameborder=\"0\" scrolling=\"no\" align=\"right\"><\/iframe>\t\t<\/div>\n\t\t\t\t<\/div>\n\t\t\t\t\t<\/div>\n\t\t<\/div>\n\t\t\t\t<div class=\"elementor-column elementor-col-33 elementor-top-column elementor-element elementor-element-873d62e\" data-id=\"873d62e\" data-element_type=\"column\">\n\t\t\t<div class=\"elementor-widget-wrap\">\n\t\t\t\t\t\t\t\t\t<\/div>\n\t\t<\/div>\n\t\t\t\t\t\t\t<\/div>\n\t\t<\/section>\n\t\t\t\t<section class=\"elementor-section elementor-top-section elementor-element elementor-element-031707f elementor-section-boxed elementor-section-height-default elementor-section-height-default\" data-id=\"031707f\" data-element_type=\"section\">\n\t\t\t\t\t\t<div class=\"elementor-container elementor-column-gap-default\">\n\t\t\t\t\t<div class=\"elementor-column elementor-col-100 elementor-top-column elementor-element elementor-element-85d2c9d\" data-id=\"85d2c9d\" data-element_type=\"column\">\n\t\t\t<div class=\"elementor-widget-wrap elementor-element-populated\">\n\t\t\t\t\t\t\t\t<div class=\"elementor-element elementor-element-2caa6bc elementor-widget elementor-widget-spacer\" data-id=\"2caa6bc\" data-element_type=\"widget\" data-widget_type=\"spacer.default\">\n\t\t\t\t<div class=\"elementor-widget-container\">\n\t\t\t\t\t<div class=\"elementor-spacer\">\n\t\t\t<div class=\"elementor-spacer-inner\"><\/div>\n\t\t<\/div>\n\t\t\t\t<\/div>\n\t\t\t\t<\/div>\n\t\t\t\t<div class=\"elementor-element elementor-element-9eba5e5 elementor-widget elementor-widget-html\" data-id=\"9eba5e5\" data-element_type=\"widget\" data-widget_type=\"html.default\">\n\t\t\t\t<div class=\"elementor-widget-container\">\n\t\t\t<iframe loading=\"lazy\" src=\"https:\/\/utisbrasileiras.com\/utisbra_graficos\/UY\/PT_footnote_last_year.html\" width=\"700\" height=\"100\" frameborder=\"0\" scrolling=\"no\" align=\"right\"><\/iframe>\t\t<\/div>\n\t\t\t\t<\/div>\n\t\t\t\t\t<\/div>\n\t\t<\/div>\n\t\t\t\t\t\t\t<\/div>\n\t\t<\/section>\n\t\t\t\t\t\t\t<\/div>\n\t\t","protected":false},"excerpt":{"rendered":"<p>Perfil de UTI Adulto Hospitais, UTI e Leitos Suporte na UTI Caracter\u00edsticas das interna\u00e7\u00f5es Desfechos Diagn\u00f3sticos TMP \/ TURP Gravidade Quantidade de UTIs por tipo de hospital [&hellip;]<\/p>\n","protected":false},"author":1,"featured_media":0,"parent":0,"menu_order":0,"comment_status":"closed","ping_status":"closed","template":"elementor_header_footer","meta":[],"yoast_head":"<!-- This site is optimized with the Yoast SEO plugin v20.5 - https:\/\/yoast.com\/wordpress\/plugins\/seo\/ -->\r\n<title>Hospitais, UTI e Leitos - UTIs Brasileiras<\/title>\r\n<meta name=\"robots\" content=\"noindex, follow, max-snippet:-1, max-image-preview:large, max-video-preview:-1\" \/>\r\n<meta property=\"og:locale\" content=\"pt_BR\" \/>\r\n<meta property=\"og:type\" content=\"article\" \/>\r\n<meta property=\"og:title\" content=\"Hospitais, UTI e Leitos - UTIs Brasileiras\" \/>\r\n<meta property=\"og:description\" content=\"Perfil de UTI Adulto Hospitais, UTI e Leitos Suporte na UTI Caracter\u00edsticas das interna\u00e7\u00f5es Desfechos Diagn\u00f3sticos TMP \/ TURP Gravidade Quantidade de UTIs por tipo de hospital [&hellip;]\" \/>\r\n<meta property=\"og:url\" content=\"https:\/\/ucisuruguayas.com\/pt-br\/hospitais-uti-leitos\/\" \/>\r\n<meta property=\"og:site_name\" content=\"UTIs Brasileiras\" \/>\r\n<meta property=\"article:modified_time\" content=\"2023-12-01T13:02:36+00:00\" \/>\r\n<meta name=\"twitter:card\" content=\"summary_large_image\" \/>\r\n<meta name=\"twitter:label1\" content=\"Est. tempo de leitura\" \/>\n\t<meta name=\"twitter:data1\" content=\"1 minuto\" \/>\r\n<script type=\"application\/ld+json\" class=\"yoast-schema-graph\">{\"@context\":\"https:\/\/schema.org\",\"@graph\":[{\"@type\":\"WebPage\",\"@id\":\"https:\/\/ucisuruguayas.com\/pt-br\/hospitais-uti-leitos\/\",\"url\":\"https:\/\/ucisuruguayas.com\/pt-br\/hospitais-uti-leitos\/\",\"name\":\"Hospitais, UTI e Leitos - UTIs Brasileiras\",\"isPartOf\":{\"@id\":\"https:\/\/ucisuruguayas.com\/pt-br\/#website\"},\"datePublished\":\"2023-08-18T13:32:30+00:00\",\"dateModified\":\"2023-12-01T13:02:36+00:00\",\"breadcrumb\":{\"@id\":\"https:\/\/ucisuruguayas.com\/pt-br\/hospitais-uti-leitos\/#breadcrumb\"},\"inLanguage\":\"pt-BR\",\"potentialAction\":[{\"@type\":\"ReadAction\",\"target\":[\"https:\/\/ucisuruguayas.com\/pt-br\/hospitais-uti-leitos\/\"]}]},{\"@type\":\"BreadcrumbList\",\"@id\":\"https:\/\/ucisuruguayas.com\/pt-br\/hospitais-uti-leitos\/#breadcrumb\",\"itemListElement\":[{\"@type\":\"ListItem\",\"position\":1,\"name\":\"In\u00edcio\",\"item\":\"https:\/\/ucisuruguayas.com\/pt-br\/\"},{\"@type\":\"ListItem\",\"position\":2,\"name\":\"Hospitais, UTI e Leitos\"}]},{\"@type\":\"WebSite\",\"@id\":\"https:\/\/ucisuruguayas.com\/pt-br\/#website\",\"url\":\"https:\/\/ucisuruguayas.com\/pt-br\/\",\"name\":\"UTIs Brasileiras\",\"description\":\"El proyecto denominado UCIs Uruguayas tiene como objetivo caracterizar el perfil epidemiol\u00f3gico de las UCI uruguayas\",\"publisher\":{\"@id\":\"https:\/\/ucisuruguayas.com\/pt-br\/#organization\"},\"potentialAction\":[{\"@type\":\"SearchAction\",\"target\":{\"@type\":\"EntryPoint\",\"urlTemplate\":\"https:\/\/ucisuruguayas.com\/pt-br\/?s={search_term_string}\"},\"query-input\":\"required name=search_term_string\"}],\"inLanguage\":\"pt-BR\"},{\"@type\":\"Organization\",\"@id\":\"https:\/\/ucisuruguayas.com\/pt-br\/#organization\",\"name\":\"UTIs Brasileiras\",\"url\":\"https:\/\/ucisuruguayas.com\/pt-br\/\",\"logo\":{\"@type\":\"ImageObject\",\"inLanguage\":\"pt-BR\",\"@id\":\"https:\/\/ucisuruguayas.com\/pt-br\/#\/schema\/logo\/image\/\",\"url\":\"https:\/\/ucisuruguayas.com\/wp-content\/uploads\/2022\/09\/UCIs-Uruguayas-Copia.png\",\"contentUrl\":\"https:\/\/ucisuruguayas.com\/wp-content\/uploads\/2022\/09\/UCIs-Uruguayas-Copia.png\",\"width\":259,\"height\":70,\"caption\":\"UTIs Brasileiras\"},\"image\":{\"@id\":\"https:\/\/ucisuruguayas.com\/pt-br\/#\/schema\/logo\/image\/\"}}]}<\/script>\r\n<!-- \/ Yoast SEO plugin. -->","yoast_head_json":{"title":"Hospitais, UTI e Leitos - UTIs Brasileiras","robots":{"index":"noindex","follow":"follow","max-snippet":"max-snippet:-1","max-image-preview":"max-image-preview:large","max-video-preview":"max-video-preview:-1"},"og_locale":"pt_BR","og_type":"article","og_title":"Hospitais, UTI e Leitos - UTIs Brasileiras","og_description":"Perfil de UTI Adulto Hospitais, UTI e Leitos Suporte na UTI Caracter\u00edsticas das interna\u00e7\u00f5es Desfechos Diagn\u00f3sticos TMP \/ TURP Gravidade Quantidade de UTIs por tipo de hospital [&hellip;]","og_url":"https:\/\/ucisuruguayas.com\/pt-br\/hospitais-uti-leitos\/","og_site_name":"UTIs Brasileiras","article_modified_time":"2023-12-01T13:02:36+00:00","twitter_card":"summary_large_image","twitter_misc":{"Est. tempo de leitura":"1 minuto"},"schema":{"@context":"https:\/\/schema.org","@graph":[{"@type":"WebPage","@id":"https:\/\/ucisuruguayas.com\/pt-br\/hospitais-uti-leitos\/","url":"https:\/\/ucisuruguayas.com\/pt-br\/hospitais-uti-leitos\/","name":"Hospitais, UTI e Leitos - UTIs Brasileiras","isPartOf":{"@id":"https:\/\/ucisuruguayas.com\/pt-br\/#website"},"datePublished":"2023-08-18T13:32:30+00:00","dateModified":"2023-12-01T13:02:36+00:00","breadcrumb":{"@id":"https:\/\/ucisuruguayas.com\/pt-br\/hospitais-uti-leitos\/#breadcrumb"},"inLanguage":"pt-BR","potentialAction":[{"@type":"ReadAction","target":["https:\/\/ucisuruguayas.com\/pt-br\/hospitais-uti-leitos\/"]}]},{"@type":"BreadcrumbList","@id":"https:\/\/ucisuruguayas.com\/pt-br\/hospitais-uti-leitos\/#breadcrumb","itemListElement":[{"@type":"ListItem","position":1,"name":"In\u00edcio","item":"https:\/\/ucisuruguayas.com\/pt-br\/"},{"@type":"ListItem","position":2,"name":"Hospitais, UTI e Leitos"}]},{"@type":"WebSite","@id":"https:\/\/ucisuruguayas.com\/pt-br\/#website","url":"https:\/\/ucisuruguayas.com\/pt-br\/","name":"UTIs Brasileiras","description":"El proyecto denominado UCIs Uruguayas tiene como objetivo caracterizar el perfil epidemiol\u00f3gico de las UCI uruguayas","publisher":{"@id":"https:\/\/ucisuruguayas.com\/pt-br\/#organization"},"potentialAction":[{"@type":"SearchAction","target":{"@type":"EntryPoint","urlTemplate":"https:\/\/ucisuruguayas.com\/pt-br\/?s={search_term_string}"},"query-input":"required name=search_term_string"}],"inLanguage":"pt-BR"},{"@type":"Organization","@id":"https:\/\/ucisuruguayas.com\/pt-br\/#organization","name":"UTIs Brasileiras","url":"https:\/\/ucisuruguayas.com\/pt-br\/","logo":{"@type":"ImageObject","inLanguage":"pt-BR","@id":"https:\/\/ucisuruguayas.com\/pt-br\/#\/schema\/logo\/image\/","url":"https:\/\/ucisuruguayas.com\/wp-content\/uploads\/2022\/09\/UCIs-Uruguayas-Copia.png","contentUrl":"https:\/\/ucisuruguayas.com\/wp-content\/uploads\/2022\/09\/UCIs-Uruguayas-Copia.png","width":259,"height":70,"caption":"UTIs Brasileiras"},"image":{"@id":"https:\/\/ucisuruguayas.com\/pt-br\/#\/schema\/logo\/image\/"}}]}},"_links":{"self":[{"href":"https:\/\/ucisuruguayas.com\/pt-br\/wp-json\/wp\/v2\/pages\/7663"}],"collection":[{"href":"https:\/\/ucisuruguayas.com\/pt-br\/wp-json\/wp\/v2\/pages"}],"about":[{"href":"https:\/\/ucisuruguayas.com\/pt-br\/wp-json\/wp\/v2\/types\/page"}],"author":[{"embeddable":true,"href":"https:\/\/ucisuruguayas.com\/pt-br\/wp-json\/wp\/v2\/users\/1"}],"replies":[{"embeddable":true,"href":"https:\/\/ucisuruguayas.com\/pt-br\/wp-json\/wp\/v2\/comments?post=7663"}],"version-history":[{"count":55,"href":"https:\/\/ucisuruguayas.com\/pt-br\/wp-json\/wp\/v2\/pages\/7663\/revisions"}],"predecessor-version":[{"id":8581,"href":"https:\/\/ucisuruguayas.com\/pt-br\/wp-json\/wp\/v2\/pages\/7663\/revisions\/8581"}],"wp:attachment":[{"href":"https:\/\/ucisuruguayas.com\/pt-br\/wp-json\/wp\/v2\/media?parent=7663"}],"curies":[{"name":"wp","href":"https:\/\/api.w.org\/{rel}","templated":true}]}}