{"id":7713,"date":"2023-08-18T15:44:10","date_gmt":"2023-08-18T18:44:10","guid":{"rendered":"https:\/\/ucisuruguayas.com\/tmp\/"},"modified":"2023-12-01T10:04:36","modified_gmt":"2023-12-01T13:04:36","slug":"tmp-turp","status":"publish","type":"page","link":"https:\/\/ucisuruguayas.com\/pt-br\/tmp-turp\/","title":{"rendered":"TMP\/TURP"},"content":{"rendered":"\t\t<div data-elementor-type=\"wp-page\" data-elementor-id=\"7713\" class=\"elementor elementor-7713 elementor-7653\">\n\t\t\t\t\t\t\t\t\t<section class=\"elementor-section elementor-top-section elementor-element elementor-element-99d7794 elementor-section-boxed elementor-section-height-default elementor-section-height-default\" data-id=\"99d7794\" data-element_type=\"section\">\n\t\t\t\t\t\t<div class=\"elementor-container elementor-column-gap-default\">\n\t\t\t\t\t<div class=\"elementor-column elementor-col-100 elementor-top-column elementor-element elementor-element-9691bf2\" data-id=\"9691bf2\" data-element_type=\"column\">\n\t\t\t<div class=\"elementor-widget-wrap elementor-element-populated\">\n\t\t\t\t\t\t\t\t<div class=\"elementor-element elementor-element-93b518e elementor-widget elementor-widget-heading\" data-id=\"93b518e\" data-element_type=\"widget\" data-widget_type=\"heading.default\">\n\t\t\t\t<div class=\"elementor-widget-container\">\n\t\t\t<style>\/*! elementor - v3.17.0 - 08-11-2023 *\/\n.elementor-heading-title{padding:0;margin:0;line-height:1}.elementor-widget-heading .elementor-heading-title[class*=elementor-size-]>a{color:inherit;font-size:inherit;line-height:inherit}.elementor-widget-heading .elementor-heading-title.elementor-size-small{font-size:15px}.elementor-widget-heading .elementor-heading-title.elementor-size-medium{font-size:19px}.elementor-widget-heading .elementor-heading-title.elementor-size-large{font-size:29px}.elementor-widget-heading .elementor-heading-title.elementor-size-xl{font-size:39px}.elementor-widget-heading .elementor-heading-title.elementor-size-xxl{font-size:59px}<\/style><h2 class=\"elementor-heading-title elementor-size-default\">Perfil de UTI Adulto<\/h2>\t\t<\/div>\n\t\t\t\t<\/div>\n\t\t\t\t<div class=\"elementor-element elementor-element-8b5f6c9 elementor-widget elementor-widget-spacer\" data-id=\"8b5f6c9\" data-element_type=\"widget\" data-widget_type=\"spacer.default\">\n\t\t\t\t<div class=\"elementor-widget-container\">\n\t\t\t<style>\/*! elementor - v3.17.0 - 08-11-2023 *\/\n.elementor-column .elementor-spacer-inner{height:var(--spacer-size)}.e-con{--container-widget-width:100%}.e-con-inner>.elementor-widget-spacer,.e-con>.elementor-widget-spacer{width:var(--container-widget-width,var(--spacer-size));--align-self:var(--container-widget-align-self,initial);--flex-shrink:0}.e-con-inner>.elementor-widget-spacer>.elementor-widget-container,.e-con>.elementor-widget-spacer>.elementor-widget-container{height:100%;width:100%}.e-con-inner>.elementor-widget-spacer>.elementor-widget-container>.elementor-spacer,.e-con>.elementor-widget-spacer>.elementor-widget-container>.elementor-spacer{height:100%}.e-con-inner>.elementor-widget-spacer>.elementor-widget-container>.elementor-spacer>.elementor-spacer-inner,.e-con>.elementor-widget-spacer>.elementor-widget-container>.elementor-spacer>.elementor-spacer-inner{height:var(--container-widget-height,var(--spacer-size))}.e-con-inner>.elementor-widget-spacer.elementor-widget-empty,.e-con>.elementor-widget-spacer.elementor-widget-empty{position:relative;min-height:22px;min-width:22px}.e-con-inner>.elementor-widget-spacer.elementor-widget-empty .elementor-widget-empty-icon,.e-con>.elementor-widget-spacer.elementor-widget-empty .elementor-widget-empty-icon{position:absolute;top:0;bottom:0;left:0;right:0;margin:auto;padding:0;width:22px;height:22px}<\/style>\t\t<div class=\"elementor-spacer\">\n\t\t\t<div class=\"elementor-spacer-inner\"><\/div>\n\t\t<\/div>\n\t\t\t\t<\/div>\n\t\t\t\t<\/div>\n\t\t\t\t\t<\/div>\n\t\t<\/div>\n\t\t\t\t\t\t\t<\/div>\n\t\t<\/section>\n\t\t\t\t<section class=\"elementor-section elementor-top-section elementor-element elementor-element-6cb93ae elementor-section-boxed elementor-section-height-default elementor-section-height-default\" data-id=\"6cb93ae\" data-element_type=\"section\">\n\t\t\t\t\t\t<div class=\"elementor-container elementor-column-gap-default\">\n\t\t\t\t\t<div class=\"elementor-column elementor-col-25 elementor-top-column elementor-element elementor-element-e4fff40\" data-id=\"e4fff40\" data-element_type=\"column\">\n\t\t\t<div class=\"elementor-widget-wrap elementor-element-populated\">\n\t\t\t\t\t\t\t\t<div class=\"elementor-element elementor-element-f0f28b5 elementor-widget elementor-widget-button\" data-id=\"f0f28b5\" data-element_type=\"widget\" data-widget_type=\"button.default\">\n\t\t\t\t<div class=\"elementor-widget-container\">\n\t\t\t\t\t<div class=\"elementor-button-wrapper\">\n\t\t\t<a class=\"elementor-button elementor-button-link elementor-size-sm\" href=\"https:\/\/ucisuruguayas.com\/pt-br\/hospitais-uti-leitos\/\">\n\t\t\t\t\t\t<span class=\"elementor-button-content-wrapper\">\n\t\t\t\t\t\t<span class=\"elementor-button-icon elementor-align-icon-left\">\n\t\t\t\t<i aria-hidden=\"true\" class=\"fas fa-check\"><\/i>\t\t\t<\/span>\n\t\t\t\t\t\t<span class=\"elementor-button-text\">Hospitais, UTI e Leitos<\/span>\n\t\t<\/span>\n\t\t\t\t\t<\/a>\n\t\t<\/div>\n\t\t\t\t<\/div>\n\t\t\t\t<\/div>\n\t\t\t\t<div class=\"elementor-element elementor-element-0867ccb elementor-widget elementor-widget-button\" data-id=\"0867ccb\" data-element_type=\"widget\" data-widget_type=\"button.default\">\n\t\t\t\t<div class=\"elementor-widget-container\">\n\t\t\t\t\t<div class=\"elementor-button-wrapper\">\n\t\t\t<a class=\"elementor-button elementor-button-link elementor-size-sm\" href=\"https:\/\/ucisuruguayas.com\/pt-br\/suporte-na-uti\/\">\n\t\t\t\t\t\t<span class=\"elementor-button-content-wrapper\">\n\t\t\t\t\t\t<span class=\"elementor-button-icon elementor-align-icon-left\">\n\t\t\t\t<i aria-hidden=\"true\" class=\"fas fa-check\"><\/i>\t\t\t<\/span>\n\t\t\t\t\t\t<span class=\"elementor-button-text\">Suporte na UTI<\/span>\n\t\t<\/span>\n\t\t\t\t\t<\/a>\n\t\t<\/div>\n\t\t\t\t<\/div>\n\t\t\t\t<\/div>\n\t\t\t\t\t<\/div>\n\t\t<\/div>\n\t\t\t\t<div class=\"elementor-column elementor-col-25 elementor-top-column elementor-element elementor-element-7c6e7a4\" data-id=\"7c6e7a4\" data-element_type=\"column\">\n\t\t\t<div class=\"elementor-widget-wrap elementor-element-populated\">\n\t\t\t\t\t\t\t\t<div class=\"elementor-element elementor-element-2196c85 elementor-widget elementor-widget-button\" data-id=\"2196c85\" data-element_type=\"widget\" data-widget_type=\"button.default\">\n\t\t\t\t<div class=\"elementor-widget-container\">\n\t\t\t\t\t<div class=\"elementor-button-wrapper\">\n\t\t\t<a class=\"elementor-button elementor-button-link elementor-size-sm\" href=\"https:\/\/ucisuruguayas.com\/pt-br\/caracteristicas-das-internacoes\/\">\n\t\t\t\t\t\t<span class=\"elementor-button-content-wrapper\">\n\t\t\t\t\t\t<span class=\"elementor-button-icon elementor-align-icon-left\">\n\t\t\t\t<i aria-hidden=\"true\" class=\"fas fa-check\"><\/i>\t\t\t<\/span>\n\t\t\t\t\t\t<span class=\"elementor-button-text\">Caracter\u00edsticas das interna\u00e7\u00f5es<\/span>\n\t\t<\/span>\n\t\t\t\t\t<\/a>\n\t\t<\/div>\n\t\t\t\t<\/div>\n\t\t\t\t<\/div>\n\t\t\t\t<div class=\"elementor-element elementor-element-c24a391 elementor-widget elementor-widget-button\" data-id=\"c24a391\" data-element_type=\"widget\" data-widget_type=\"button.default\">\n\t\t\t\t<div class=\"elementor-widget-container\">\n\t\t\t\t\t<div class=\"elementor-button-wrapper\">\n\t\t\t<a class=\"elementor-button elementor-button-link elementor-size-sm\" href=\"https:\/\/ucisuruguayas.com\/pt-br\/desfechos\/\">\n\t\t\t\t\t\t<span class=\"elementor-button-content-wrapper\">\n\t\t\t\t\t\t<span class=\"elementor-button-icon elementor-align-icon-left\">\n\t\t\t\t<i aria-hidden=\"true\" class=\"fas fa-check\"><\/i>\t\t\t<\/span>\n\t\t\t\t\t\t<span class=\"elementor-button-text\">Desfechos<\/span>\n\t\t<\/span>\n\t\t\t\t\t<\/a>\n\t\t<\/div>\n\t\t\t\t<\/div>\n\t\t\t\t<\/div>\n\t\t\t\t\t<\/div>\n\t\t<\/div>\n\t\t\t\t<div class=\"elementor-column elementor-col-25 elementor-top-column elementor-element elementor-element-7a1f018\" data-id=\"7a1f018\" data-element_type=\"column\">\n\t\t\t<div class=\"elementor-widget-wrap elementor-element-populated\">\n\t\t\t\t\t\t\t\t<div class=\"elementor-element elementor-element-4e12cf9 elementor-widget elementor-widget-button\" data-id=\"4e12cf9\" data-element_type=\"widget\" data-widget_type=\"button.default\">\n\t\t\t\t<div class=\"elementor-widget-container\">\n\t\t\t\t\t<div class=\"elementor-button-wrapper\">\n\t\t\t<a class=\"elementor-button elementor-button-link elementor-size-sm\" href=\"https:\/\/ucisuruguayas.com\/pt-br\/diagnosticos\/\">\n\t\t\t\t\t\t<span class=\"elementor-button-content-wrapper\">\n\t\t\t\t\t\t<span class=\"elementor-button-icon elementor-align-icon-left\">\n\t\t\t\t<i aria-hidden=\"true\" class=\"fas fa-check\"><\/i>\t\t\t<\/span>\n\t\t\t\t\t\t<span class=\"elementor-button-text\">Diagn\u00f3sticos<\/span>\n\t\t<\/span>\n\t\t\t\t\t<\/a>\n\t\t<\/div>\n\t\t\t\t<\/div>\n\t\t\t\t<\/div>\n\t\t\t\t<div class=\"elementor-element elementor-element-9581828 elementor-widget elementor-widget-button\" data-id=\"9581828\" data-element_type=\"widget\" data-widget_type=\"button.default\">\n\t\t\t\t<div class=\"elementor-widget-container\">\n\t\t\t\t\t<div class=\"elementor-button-wrapper\">\n\t\t\t<a class=\"elementor-button elementor-button-link elementor-size-sm\" href=\"https:\/\/ucisuruguayas.com\/pt-br\/tmp\/\">\n\t\t\t\t\t\t<span class=\"elementor-button-content-wrapper\">\n\t\t\t\t\t\t<span class=\"elementor-button-icon elementor-align-icon-left\">\n\t\t\t\t<i aria-hidden=\"true\" class=\"fas fa-check\"><\/i>\t\t\t<\/span>\n\t\t\t\t\t\t<span class=\"elementor-button-text\">TMP \/ TURP<\/span>\n\t\t<\/span>\n\t\t\t\t\t<\/a>\n\t\t<\/div>\n\t\t\t\t<\/div>\n\t\t\t\t<\/div>\n\t\t\t\t\t<\/div>\n\t\t<\/div>\n\t\t\t\t<div class=\"elementor-column elementor-col-25 elementor-top-column elementor-element elementor-element-63c8070\" data-id=\"63c8070\" data-element_type=\"column\">\n\t\t\t<div class=\"elementor-widget-wrap elementor-element-populated\">\n\t\t\t\t\t\t\t\t<div class=\"elementor-element elementor-element-c529990 elementor-widget elementor-widget-button\" data-id=\"c529990\" data-element_type=\"widget\" data-widget_type=\"button.default\">\n\t\t\t\t<div class=\"elementor-widget-container\">\n\t\t\t\t\t<div class=\"elementor-button-wrapper\">\n\t\t\t<a class=\"elementor-button elementor-button-link elementor-size-sm\" href=\"https:\/\/ucisuruguayas.com\/pt-br\/gravidade\/\">\n\t\t\t\t\t\t<span class=\"elementor-button-content-wrapper\">\n\t\t\t\t\t\t<span class=\"elementor-button-icon elementor-align-icon-left\">\n\t\t\t\t<i aria-hidden=\"true\" class=\"fas fa-check\"><\/i>\t\t\t<\/span>\n\t\t\t\t\t\t<span class=\"elementor-button-text\">Gravidade<\/span>\n\t\t<\/span>\n\t\t\t\t\t<\/a>\n\t\t<\/div>\n\t\t\t\t<\/div>\n\t\t\t\t<\/div>\n\t\t\t\t\t<\/div>\n\t\t<\/div>\n\t\t\t\t\t\t\t<\/div>\n\t\t<\/section>\n\t\t\t\t<section class=\"elementor-section elementor-top-section elementor-element elementor-element-32261d3 elementor-section-full_width elementor-section-height-default elementor-section-height-default\" data-id=\"32261d3\" data-element_type=\"section\">\n\t\t\t\t\t\t<div class=\"elementor-container elementor-column-gap-default\">\n\t\t\t\t\t<div class=\"elementor-column elementor-col-100 elementor-top-column elementor-element elementor-element-afbdcff\" data-id=\"afbdcff\" data-element_type=\"column\">\n\t\t\t<div class=\"elementor-widget-wrap elementor-element-populated\">\n\t\t\t\t\t\t\t\t<div class=\"elementor-element elementor-element-1a5a3aa elementor-widget elementor-widget-spacer\" data-id=\"1a5a3aa\" data-element_type=\"widget\" data-widget_type=\"spacer.default\">\n\t\t\t\t<div class=\"elementor-widget-container\">\n\t\t\t\t\t<div class=\"elementor-spacer\">\n\t\t\t<div class=\"elementor-spacer-inner\"><\/div>\n\t\t<\/div>\n\t\t\t\t<\/div>\n\t\t\t\t<\/div>\n\t\t\t\t\t<\/div>\n\t\t<\/div>\n\t\t\t\t\t\t\t<\/div>\n\t\t<\/section>\n\t\t\t\t<section class=\"elementor-section elementor-top-section elementor-element elementor-element-71b3142 elementor-section-boxed elementor-section-height-default elementor-section-height-default\" data-id=\"71b3142\" data-element_type=\"section\">\n\t\t\t\t\t\t<div class=\"elementor-container elementor-column-gap-default\">\n\t\t\t\t\t<div class=\"elementor-column elementor-col-33 elementor-top-column elementor-element elementor-element-060d725\" data-id=\"060d725\" data-element_type=\"column\">\n\t\t\t<div class=\"elementor-widget-wrap\">\n\t\t\t\t\t\t\t\t\t<\/div>\n\t\t<\/div>\n\t\t\t\t<div class=\"elementor-column elementor-col-33 elementor-top-column elementor-element elementor-element-2683f59\" data-id=\"2683f59\" data-element_type=\"column\">\n\t\t\t<div class=\"elementor-widget-wrap elementor-element-populated\">\n\t\t\t\t\t\t\t\t<div class=\"elementor-element elementor-element-bde31b2 elementor-widget elementor-widget-heading\" data-id=\"bde31b2\" data-element_type=\"widget\" data-widget_type=\"heading.default\">\n\t\t\t\t<div class=\"elementor-widget-container\">\n\t\t\t<h2 class=\"elementor-heading-title elementor-size-default\">Informa\u00e7\u00f5es correspondentes \u00e0 pontua\u00e7\u00e3o SAPS 3 e mortalidade<\/h2>\t\t<\/div>\n\t\t\t\t<\/div>\n\t\t\t\t<div class=\"elementor-element elementor-element-d89d5a2 elementor-widget elementor-widget-html\" data-id=\"d89d5a2\" data-element_type=\"widget\" data-widget_type=\"html.default\">\n\t\t\t\t<div class=\"elementor-widget-container\">\n\t\t\t<iframe loading=\"lazy\" src=\"https:\/\/utisbrasileiras.com\/utisbra_graficos\/UY\/PT_SAPS3_table.html\" width=\"700\" height=\"200\" frameborder=\"0\" scrolling=\"no\" align=\"right\"><\/iframe>\t\t<\/div>\n\t\t\t\t<\/div>\n\t\t\t\t\t<\/div>\n\t\t<\/div>\n\t\t\t\t<div class=\"elementor-column elementor-col-33 elementor-top-column elementor-element elementor-element-d226851\" data-id=\"d226851\" data-element_type=\"column\">\n\t\t\t<div class=\"elementor-widget-wrap\">\n\t\t\t\t\t\t\t\t\t<\/div>\n\t\t<\/div>\n\t\t\t\t\t\t\t<\/div>\n\t\t<\/section>\n\t\t\t\t<section class=\"elementor-section elementor-top-section elementor-element elementor-element-19a7295 elementor-section-boxed elementor-section-height-default elementor-section-height-default\" data-id=\"19a7295\" data-element_type=\"section\">\n\t\t\t\t\t\t<div class=\"elementor-container elementor-column-gap-default\">\n\t\t\t\t\t<div class=\"elementor-column elementor-col-100 elementor-top-column elementor-element elementor-element-6280969\" data-id=\"6280969\" data-element_type=\"column\">\n\t\t\t<div class=\"elementor-widget-wrap elementor-element-populated\">\n\t\t\t\t\t\t\t\t<div class=\"elementor-element elementor-element-f8e341b elementor-widget elementor-widget-spacer\" data-id=\"f8e341b\" data-element_type=\"widget\" data-widget_type=\"spacer.default\">\n\t\t\t\t<div class=\"elementor-widget-container\">\n\t\t\t\t\t<div class=\"elementor-spacer\">\n\t\t\t<div class=\"elementor-spacer-inner\"><\/div>\n\t\t<\/div>\n\t\t\t\t<\/div>\n\t\t\t\t<\/div>\n\t\t\t\t\t<\/div>\n\t\t<\/div>\n\t\t\t\t\t\t\t<\/div>\n\t\t<\/section>\n\t\t\t\t<section class=\"elementor-section elementor-top-section elementor-element elementor-element-f0c461d elementor-section-boxed elementor-section-height-default elementor-section-height-default\" data-id=\"f0c461d\" data-element_type=\"section\">\n\t\t\t\t\t\t<div class=\"elementor-container elementor-column-gap-default\">\n\t\t\t\t\t<div class=\"elementor-column elementor-col-50 elementor-top-column elementor-element elementor-element-4735c22\" data-id=\"4735c22\" data-element_type=\"column\">\n\t\t\t<div class=\"elementor-widget-wrap elementor-element-populated\">\n\t\t\t\t\t\t\t\t<div class=\"elementor-element elementor-element-67717bb elementor-widget elementor-widget-heading\" data-id=\"67717bb\" data-element_type=\"widget\" data-widget_type=\"heading.default\">\n\t\t\t\t<div class=\"elementor-widget-container\">\n\t\t\t<h2 class=\"elementor-heading-title elementor-size-default\">Evolu\u00e7\u00e3o temporal da TMP - SAPS 3<\/h2>\t\t<\/div>\n\t\t\t\t<\/div>\n\t\t\t\t<div class=\"elementor-element elementor-element-598e265 elementor-widget elementor-widget-html\" data-id=\"598e265\" data-element_type=\"widget\" data-widget_type=\"html.default\">\n\t\t\t\t<div class=\"elementor-widget-container\">\n\t\t\t<iframe loading=\"lazy\" src=\"https:\/\/utisbrasileiras.com\/utisbra_graficos\/UY\/PT_SMR_by_hospital_type.html\" width=\"700\" height=\"450\" frameborder=\"0\" scrolling=\"no\" align=\"right\"><\/iframe>\t\t<\/div>\n\t\t\t\t<\/div>\n\t\t\t\t\t<\/div>\n\t\t<\/div>\n\t\t\t\t<div class=\"elementor-column elementor-col-50 elementor-top-column elementor-element elementor-element-122c90d\" data-id=\"122c90d\" data-element_type=\"column\">\n\t\t\t<div class=\"elementor-widget-wrap elementor-element-populated\">\n\t\t\t\t\t\t\t\t<div class=\"elementor-element elementor-element-b53033e elementor-widget elementor-widget-heading\" data-id=\"b53033e\" data-element_type=\"widget\" data-widget_type=\"heading.default\">\n\t\t\t\t<div class=\"elementor-widget-container\">\n\t\t\t<h2 class=\"elementor-heading-title elementor-size-default\">Evolu\u00e7\u00e3o temporal da TURP - SAPS 3<\/h2>\t\t<\/div>\n\t\t\t\t<\/div>\n\t\t\t\t<div class=\"elementor-element elementor-element-1f29540 elementor-widget elementor-widget-html\" data-id=\"1f29540\" data-element_type=\"widget\" data-widget_type=\"html.default\">\n\t\t\t\t<div class=\"elementor-widget-container\">\n\t\t\t<iframe loading=\"lazy\" src=\"https:\/\/utisbrasileiras.com\/utisbra_graficos\/UY\/PT_SRU_by_hospital_type.html\" width=\"700\" height=\"450\" frameborder=\"0\" scrolling=\"no\" align=\"right\"><\/iframe>\t\t<\/div>\n\t\t\t\t<\/div>\n\t\t\t\t\t<\/div>\n\t\t<\/div>\n\t\t\t\t\t\t\t<\/div>\n\t\t<\/section>\n\t\t\t\t<section class=\"elementor-section elementor-top-section elementor-element elementor-element-18c6807 elementor-section-boxed elementor-section-height-default elementor-section-height-default\" data-id=\"18c6807\" data-element_type=\"section\">\n\t\t\t\t\t\t<div class=\"elementor-container elementor-column-gap-default\">\n\t\t\t\t\t<div class=\"elementor-column elementor-col-100 elementor-top-column elementor-element elementor-element-e5ccc5a\" data-id=\"e5ccc5a\" data-element_type=\"column\">\n\t\t\t<div class=\"elementor-widget-wrap elementor-element-populated\">\n\t\t\t\t\t\t\t\t<div class=\"elementor-element elementor-element-66032e9 elementor-widget elementor-widget-spacer\" data-id=\"66032e9\" data-element_type=\"widget\" data-widget_type=\"spacer.default\">\n\t\t\t\t<div class=\"elementor-widget-container\">\n\t\t\t\t\t<div class=\"elementor-spacer\">\n\t\t\t<div class=\"elementor-spacer-inner\"><\/div>\n\t\t<\/div>\n\t\t\t\t<\/div>\n\t\t\t\t<\/div>\n\t\t\t\t<div class=\"elementor-element elementor-element-d6afa00 elementor-widget elementor-widget-html\" data-id=\"d6afa00\" data-element_type=\"widget\" data-widget_type=\"html.default\">\n\t\t\t\t<div class=\"elementor-widget-container\">\n\t\t\t<iframe loading=\"lazy\" src=\"https:\/\/utisbrasileiras.com\/utisbra_graficos\/UY\/PT_footnote_full_period.html\" width=\"700\" height=\"100\" frameborder=\"0\" scrolling=\"no\" align=\"right\"><\/iframe>\t\t<\/div>\n\t\t\t\t<\/div>\n\t\t\t\t\t<\/div>\n\t\t<\/div>\n\t\t\t\t\t\t\t<\/div>\n\t\t<\/section>\n\t\t\t\t\t\t\t<\/div>\n\t\t","protected":false},"excerpt":{"rendered":"<p>Perfil de UTI Adulto Hospitais, UTI e Leitos Suporte na UTI Caracter\u00edsticas das interna\u00e7\u00f5es Desfechos Diagn\u00f3sticos TMP \/ TURP Gravidade Informa\u00e7\u00f5es correspondentes \u00e0 pontua\u00e7\u00e3o SAPS 3 e [&hellip;]<\/p>\n","protected":false},"author":1,"featured_media":0,"parent":0,"menu_order":0,"comment_status":"closed","ping_status":"closed","template":"elementor_header_footer","meta":[],"yoast_head":"<!-- This site is optimized with the Yoast SEO plugin v20.5 - https:\/\/yoast.com\/wordpress\/plugins\/seo\/ -->\r\n<title>TMP\/TURP - UTIs Brasileiras<\/title>\r\n<meta name=\"robots\" content=\"noindex, follow, max-snippet:-1, max-image-preview:large, max-video-preview:-1\" \/>\r\n<meta property=\"og:locale\" content=\"pt_BR\" \/>\r\n<meta property=\"og:type\" content=\"article\" \/>\r\n<meta property=\"og:title\" content=\"TMP\/TURP - UTIs Brasileiras\" \/>\r\n<meta property=\"og:description\" content=\"Perfil de UTI Adulto Hospitais, UTI e Leitos Suporte na UTI Caracter\u00edsticas das interna\u00e7\u00f5es Desfechos Diagn\u00f3sticos TMP \/ TURP Gravidade Informa\u00e7\u00f5es correspondentes \u00e0 pontua\u00e7\u00e3o SAPS 3 e [&hellip;]\" \/>\r\n<meta property=\"og:url\" content=\"https:\/\/ucisuruguayas.com\/pt-br\/tmp-turp\/\" \/>\r\n<meta property=\"og:site_name\" content=\"UTIs Brasileiras\" \/>\r\n<meta property=\"article:modified_time\" content=\"2023-12-01T13:04:36+00:00\" \/>\r\n<meta name=\"twitter:card\" content=\"summary_large_image\" \/>\r\n<meta name=\"twitter:label1\" content=\"Est. tempo de leitura\" \/>\n\t<meta name=\"twitter:data1\" content=\"1 minuto\" \/>\r\n<script type=\"application\/ld+json\" class=\"yoast-schema-graph\">{\"@context\":\"https:\/\/schema.org\",\"@graph\":[{\"@type\":\"WebPage\",\"@id\":\"https:\/\/ucisuruguayas.com\/pt-br\/tmp-turp\/\",\"url\":\"https:\/\/ucisuruguayas.com\/pt-br\/tmp-turp\/\",\"name\":\"TMP\/TURP - UTIs Brasileiras\",\"isPartOf\":{\"@id\":\"https:\/\/ucisuruguayas.com\/pt-br\/#website\"},\"datePublished\":\"2023-08-18T18:44:10+00:00\",\"dateModified\":\"2023-12-01T13:04:36+00:00\",\"breadcrumb\":{\"@id\":\"https:\/\/ucisuruguayas.com\/pt-br\/tmp-turp\/#breadcrumb\"},\"inLanguage\":\"pt-BR\",\"potentialAction\":[{\"@type\":\"ReadAction\",\"target\":[\"https:\/\/ucisuruguayas.com\/pt-br\/tmp-turp\/\"]}]},{\"@type\":\"BreadcrumbList\",\"@id\":\"https:\/\/ucisuruguayas.com\/pt-br\/tmp-turp\/#breadcrumb\",\"itemListElement\":[{\"@type\":\"ListItem\",\"position\":1,\"name\":\"In\u00edcio\",\"item\":\"https:\/\/ucisuruguayas.com\/pt-br\/\"},{\"@type\":\"ListItem\",\"position\":2,\"name\":\"TMP\/TURP\"}]},{\"@type\":\"WebSite\",\"@id\":\"https:\/\/ucisuruguayas.com\/pt-br\/#website\",\"url\":\"https:\/\/ucisuruguayas.com\/pt-br\/\",\"name\":\"UTIs Brasileiras\",\"description\":\"El proyecto denominado UCIs Uruguayas tiene como objetivo caracterizar el perfil epidemiol\u00f3gico de las UCI uruguayas\",\"publisher\":{\"@id\":\"https:\/\/ucisuruguayas.com\/pt-br\/#organization\"},\"potentialAction\":[{\"@type\":\"SearchAction\",\"target\":{\"@type\":\"EntryPoint\",\"urlTemplate\":\"https:\/\/ucisuruguayas.com\/pt-br\/?s={search_term_string}\"},\"query-input\":\"required name=search_term_string\"}],\"inLanguage\":\"pt-BR\"},{\"@type\":\"Organization\",\"@id\":\"https:\/\/ucisuruguayas.com\/pt-br\/#organization\",\"name\":\"UTIs Brasileiras\",\"url\":\"https:\/\/ucisuruguayas.com\/pt-br\/\",\"logo\":{\"@type\":\"ImageObject\",\"inLanguage\":\"pt-BR\",\"@id\":\"https:\/\/ucisuruguayas.com\/pt-br\/#\/schema\/logo\/image\/\",\"url\":\"https:\/\/ucisuruguayas.com\/wp-content\/uploads\/2022\/09\/UCIs-Uruguayas-Copia.png\",\"contentUrl\":\"https:\/\/ucisuruguayas.com\/wp-content\/uploads\/2022\/09\/UCIs-Uruguayas-Copia.png\",\"width\":259,\"height\":70,\"caption\":\"UTIs Brasileiras\"},\"image\":{\"@id\":\"https:\/\/ucisuruguayas.com\/pt-br\/#\/schema\/logo\/image\/\"}}]}<\/script>\r\n<!-- \/ Yoast SEO plugin. -->","yoast_head_json":{"title":"TMP\/TURP - UTIs Brasileiras","robots":{"index":"noindex","follow":"follow","max-snippet":"max-snippet:-1","max-image-preview":"max-image-preview:large","max-video-preview":"max-video-preview:-1"},"og_locale":"pt_BR","og_type":"article","og_title":"TMP\/TURP - UTIs Brasileiras","og_description":"Perfil de UTI Adulto Hospitais, UTI e Leitos Suporte na UTI Caracter\u00edsticas das interna\u00e7\u00f5es Desfechos Diagn\u00f3sticos TMP \/ TURP Gravidade Informa\u00e7\u00f5es correspondentes \u00e0 pontua\u00e7\u00e3o SAPS 3 e [&hellip;]","og_url":"https:\/\/ucisuruguayas.com\/pt-br\/tmp-turp\/","og_site_name":"UTIs Brasileiras","article_modified_time":"2023-12-01T13:04:36+00:00","twitter_card":"summary_large_image","twitter_misc":{"Est. tempo de leitura":"1 minuto"},"schema":{"@context":"https:\/\/schema.org","@graph":[{"@type":"WebPage","@id":"https:\/\/ucisuruguayas.com\/pt-br\/tmp-turp\/","url":"https:\/\/ucisuruguayas.com\/pt-br\/tmp-turp\/","name":"TMP\/TURP - UTIs Brasileiras","isPartOf":{"@id":"https:\/\/ucisuruguayas.com\/pt-br\/#website"},"datePublished":"2023-08-18T18:44:10+00:00","dateModified":"2023-12-01T13:04:36+00:00","breadcrumb":{"@id":"https:\/\/ucisuruguayas.com\/pt-br\/tmp-turp\/#breadcrumb"},"inLanguage":"pt-BR","potentialAction":[{"@type":"ReadAction","target":["https:\/\/ucisuruguayas.com\/pt-br\/tmp-turp\/"]}]},{"@type":"BreadcrumbList","@id":"https:\/\/ucisuruguayas.com\/pt-br\/tmp-turp\/#breadcrumb","itemListElement":[{"@type":"ListItem","position":1,"name":"In\u00edcio","item":"https:\/\/ucisuruguayas.com\/pt-br\/"},{"@type":"ListItem","position":2,"name":"TMP\/TURP"}]},{"@type":"WebSite","@id":"https:\/\/ucisuruguayas.com\/pt-br\/#website","url":"https:\/\/ucisuruguayas.com\/pt-br\/","name":"UTIs Brasileiras","description":"El proyecto denominado UCIs Uruguayas tiene como objetivo caracterizar el perfil epidemiol\u00f3gico de las UCI uruguayas","publisher":{"@id":"https:\/\/ucisuruguayas.com\/pt-br\/#organization"},"potentialAction":[{"@type":"SearchAction","target":{"@type":"EntryPoint","urlTemplate":"https:\/\/ucisuruguayas.com\/pt-br\/?s={search_term_string}"},"query-input":"required name=search_term_string"}],"inLanguage":"pt-BR"},{"@type":"Organization","@id":"https:\/\/ucisuruguayas.com\/pt-br\/#organization","name":"UTIs Brasileiras","url":"https:\/\/ucisuruguayas.com\/pt-br\/","logo":{"@type":"ImageObject","inLanguage":"pt-BR","@id":"https:\/\/ucisuruguayas.com\/pt-br\/#\/schema\/logo\/image\/","url":"https:\/\/ucisuruguayas.com\/wp-content\/uploads\/2022\/09\/UCIs-Uruguayas-Copia.png","contentUrl":"https:\/\/ucisuruguayas.com\/wp-content\/uploads\/2022\/09\/UCIs-Uruguayas-Copia.png","width":259,"height":70,"caption":"UTIs Brasileiras"},"image":{"@id":"https:\/\/ucisuruguayas.com\/pt-br\/#\/schema\/logo\/image\/"}}]}},"_links":{"self":[{"href":"https:\/\/ucisuruguayas.com\/pt-br\/wp-json\/wp\/v2\/pages\/7713"}],"collection":[{"href":"https:\/\/ucisuruguayas.com\/pt-br\/wp-json\/wp\/v2\/pages"}],"about":[{"href":"https:\/\/ucisuruguayas.com\/pt-br\/wp-json\/wp\/v2\/types\/page"}],"author":[{"embeddable":true,"href":"https:\/\/ucisuruguayas.com\/pt-br\/wp-json\/wp\/v2\/users\/1"}],"replies":[{"embeddable":true,"href":"https:\/\/ucisuruguayas.com\/pt-br\/wp-json\/wp\/v2\/comments?post=7713"}],"version-history":[{"count":25,"href":"https:\/\/ucisuruguayas.com\/pt-br\/wp-json\/wp\/v2\/pages\/7713\/revisions"}],"predecessor-version":[{"id":8599,"href":"https:\/\/ucisuruguayas.com\/pt-br\/wp-json\/wp\/v2\/pages\/7713\/revisions\/8599"}],"wp:attachment":[{"href":"https:\/\/ucisuruguayas.com\/pt-br\/wp-json\/wp\/v2\/media?parent=7713"}],"curies":[{"name":"wp","href":"https:\/\/api.w.org\/{rel}","templated":true}]}}